{"id":2132,"date":"2026-05-12T09:22:56","date_gmt":"2026-05-12T07:22:56","guid":{"rendered":"https:\/\/kardiologie-promenadeplatz.de\/?page_id=2132"},"modified":"2026-05-12T09:33:00","modified_gmt":"2026-05-12T07:33:00","slug":"duplex-ultrasonography","status":"publish","type":"page","link":"https:\/\/kardiologie-promenadeplatz.de\/en\/kardiologische-diagnostik\/duplexsonographie\/","title":{"rendered":"Duplex ultrasonography"},"content":{"rendered":"<section class=\"l-section wpb_row us_custom_9d064b11 height_auto\"><div class=\"l-section-h i-cf\"><div class=\"g-cols vc_row via_grid cols_2 laptops-cols_inherit tablets-cols_inherit mobiles-cols_1 valign_top type_default stacking_default\"><div class=\"wpb_column vc_column_container us_custom_60e9caca us_animate_this\"><div class=\"vc_column-inner\"><div class=\"wpb_text_column\"><div class=\"wpb_wrapper\"><h1 class=\"heading-2\">Duplex ultrasonography: Cardiologic vascular diagnostics without radiation exposure\u00a0<\/h1>\n<p>The carotid arteries supply the brain with blood. How well this flow works can be assessed using duplex sonography, which provides structural and functional information. The duplex examination should be distinguished from <a href=\"https:\/\/kardiologie-promenadeplatz.de\/en\/cardiological-diagnostics\/duplex-ultrasonography\/carotid-doppler\/\">Carotid Doppler<\/a>, which exclusively measures blood flow.<\/p>\n<\/div><\/div><div class=\"w-separator size_small\"><\/div><\/div><\/div><div class=\"wpb_column vc_column_container us_custom_de366d1c us_animate_this type_sticky\"><div class=\"vc_column-inner\"><div class=\"w-image us_custom_213e151c align_none\"><div class=\"w-image-h\"><img decoding=\"async\" width=\"1024\" height=\"576\" src=\"https:\/\/kardiologie-promenadeplatz.de\/wp-content\/uploads\/2026\/05\/Duplexsonographie-1024x576.jpg\" class=\"attachment-large size-large\" alt=\"Duplex ultrasonography\" loading=\"lazy\" srcset=\"https:\/\/kardiologie-promenadeplatz.de\/wp-content\/uploads\/2026\/05\/Duplexsonographie-1024x576.jpg 1024w, https:\/\/kardiologie-promenadeplatz.de\/wp-content\/uploads\/2026\/05\/Duplexsonographie-300x169.jpg 300w, https:\/\/kardiologie-promenadeplatz.de\/wp-content\/uploads\/2026\/05\/Duplexsonographie-18x10.jpg 18w, https:\/\/kardiologie-promenadeplatz.de\/wp-content\/uploads\/2026\/05\/Duplexsonographie-60x34.jpg 60w, https:\/\/kardiologie-promenadeplatz.de\/wp-content\/uploads\/2026\/05\/Duplexsonographie-120x68.jpg 120w, https:\/\/kardiologie-promenadeplatz.de\/wp-content\/uploads\/2026\/05\/Duplexsonographie-200x113.jpg 200w, https:\/\/kardiologie-promenadeplatz.de\/wp-content\/uploads\/2026\/05\/Duplexsonographie-350x197.jpg 350w\" sizes=\"auto, (max-width: 1024px) 100vw, 1024px\" \/><\/div><\/div><div class=\"w-separator size_medium\"><\/div><div class=\"w-hwrapper valign_top wrap align_left\"><div class=\"w-btn-wrapper align_none\"><a class=\"w-btn us-btn-style_1 icon_atleft\" target=\"_blank\" href=\"https:\/\/www.doctolib.de\/praxis\/muenchen\/kardiologie-am-promenadeplatz\"><i class=\"far fa-calendar-check\"><\/i><span class=\"w-btn-label\">Book an appointment<\/span><\/a><\/div><div class=\"w-btn-wrapper align_right\"><a class=\"w-btn us-btn-style_1 icon_atleft\" href=\"https:\/\/kardiologie-promenadeplatz.de\/en\/contact\/#eiliger-termin-gkv\"><i class=\"far fa-calendar-check\"><\/i><span class=\"w-btn-label\">Urgent appointment (GKV)<\/span><\/a><\/div><\/div><\/div><\/div><\/div><\/div><\/section><section class=\"l-section wpb_row us_custom_9d064b11 height_auto with_img parallax_ver\"><div class=\"l-section-img\" role=\"img\" data-img-width=\"\" data-img-height=\"\" style=\"background-image: url(https:\/\/kardiologie-promenadeplatz.de\/wp-content\/uploads\/2025\/02\/0219_KaP_HG-Muster_01.svg);background-repeat: no-repeat;\"><\/div><div class=\"l-section-overlay\" style=\"background:var(--color-content-bg-alt)\"><\/div><div class=\"l-section-h i-cf\"><div class=\"g-cols vc_row via_grid cols_1 laptops-cols_inherit tablets-cols_inherit mobiles-cols_1 valign_top type_default stacking_default\"><div class=\"wpb_column vc_column_container\"><div class=\"vc_column-inner\"><div class=\"g-cols wpb_row via_grid cols_1 laptops-cols_inherit tablets-cols_inherit mobiles-cols_1 valign_top type_default stacking_default\" style=\"--columns-gap:3.9rem;\"><div class=\"wpb_column vc_column_container us_custom_47474b22 us_animate_this\"><div class=\"vc_column-inner\"><div class=\"wpb_text_column\"><div class=\"wpb_wrapper\"><h2 class=\"heading-2\">Duplex Ultrasound Explained Concisely: <br \/> The most important things at a glance<\/h2>\n<p>Duplex sonography is an ultrasound procedure that visualises both the vascular structure and blood flow. It combines a normal ultrasound image with a Doppler measurement, which records the direction and speed of blood flow. The examination takes only a few minutes. It is pain-free and can be repeated as often as necessary. The procedure is straightforward. You lie down, the doctor applies a special ultrasound gel, and then scans your neck vessels.  <\/p>\n<p>Duplex sonography is used for the diagnosis, treatment planning and monitoring of carotid stenoses, plaques and cerebrovascular diseases. It allows for the determination of vascular parameters, which can then be assessed using age- and sex-dependent reference ranges, such as a mean diameter of the common carotid artery of around 6.3 to 6.7 mm in men or 5.7 to 6.4 mm in women.  <\/p>\n<\/div><\/div><\/div><\/div><\/div><div class=\"w-separator size_custom with_line width_default thick_2 style_solid color_border align_center\" style=\"height:7rem\"><div class=\"w-separator-h\"><\/div><\/div><div class=\"g-cols wpb_row via_grid cols_2 laptops-cols_inherit tablets-cols_inherit mobiles-cols_1 valign_top type_default stacking_default\" style=\"--columns-gap:3rem;\"><div class=\"wpb_column vc_column_container us_custom_7e20fa79 us_animate_this\"><div class=\"vc_column-inner\"><div class=\"wpb_text_column\"><div class=\"wpb_wrapper\"><h2 class=\"heading-2\">Indications and diagnostic goals of duplex sonography <\/h2>\n<\/div><\/div><\/div><\/div><div class=\"wpb_column vc_column_container us_custom_47474b22 us_animate_this\"><div class=\"vc_column-inner\"><div class=\"wpb_text_column us_custom_0f088a09 has_text_color\"><div class=\"wpb_wrapper\"><p>Duplex ultrasonography of the cervical vessels is primarily used for screening for arteriosclerosis, arterial hypertension, and stroke. It can provide indications of the following changes, among others:  <\/p>\n<ul>\n<li>Plaques in the carotid arteries (cholesterol plaques) <\/li>\n<li>Narrowing of the neck arteries<\/li>\n<li>Dissections (wall tears) of the neck vessels <\/li>\n<\/ul>\n<p>Duplex sonography enables changes to be classified at an early stage and individual risk profiles to be assessed precisely. It therefore contributes significantly to making informed therapeutic decisions and reliably monitoring the progression of cardiovascular diseases.  <\/p>\n<\/div><\/div><\/div><\/div><\/div><div class=\"w-separator size_custom with_line width_default thick_2 style_solid color_border align_center\" style=\"height:7rem\"><div class=\"w-separator-h\"><\/div><\/div><div class=\"g-cols wpb_row via_grid cols_1 laptops-cols_inherit tablets-cols_inherit mobiles-cols_1 valign_top type_default stacking_default\" style=\"--columns-gap:3rem;\"><div class=\"wpb_column vc_column_container us_custom_47474b22 us_animate_this\"><div class=\"vc_column-inner\"><div class=\"wpb_text_column\"><div class=\"wpb_wrapper\"><h2 class=\"heading-2\">Flow of Duplex Sonography: Preparation, Procedure &amp; Duration<\/h2>\n<p>No special preparation is required for this examination. You do not need to come to Duplex in Munich on an empty stomach, nor do you need to stop taking any medication. We only ask you to remove any jewellery and clothing in the neck area.<\/p>\n<p>The duplex sonography is performed in a comfortable lying position on the examination couch. For optimal sound transmission between the skin and the ultrasound probe, a cool, water-soluble gel is applied to the examination area. The doctor then moves the probe along both sides of your neck. You should lie still and not speak during this procedure.<\/p>\n<p>First, a high-resolution B-mode image is generated, a two-dimensional greyscale image that displays the structure of the vessel walls in detail. The examination is then supplemented by colour duplex sonography, which visualises the blood flow in colour. This allows the direction, speed, and possible turbulence of the blood to be assessed immediately.<\/p>\n<p>Finally, the gel is wiped off. The duplex sonography causes no pain and is usually completed within five minutes.<\/p>\n<\/div><\/div><\/div><\/div><\/div><div class=\"w-separator size_custom with_line width_default thick_2 style_solid color_border align_center\" style=\"height:7rem\"><div class=\"w-separator-h\"><\/div><\/div><div class=\"g-cols wpb_row via_grid cols_1 laptops-cols_inherit tablets-cols_inherit mobiles-cols_1 valign_top type_default stacking_default\" style=\"--columns-gap:3rem;\"><div class=\"wpb_column vc_column_container us_custom_47474b22 us_animate_this\"><div class=\"vc_column-inner\"><div class=\"wpb_text_column\"><div class=\"wpb_wrapper\"><h2 class=\"heading-2\">Duplex scan in Munich: Pain-free diagnostics with no risks<\/h2>\n<p>Doppler ultrasound is considered one of the safest diagnostic procedures in modern medicine. It works exclusively with ultrasound waves. There is no ionising radiation, which is why the examination is completely harmless.<\/p>\n<p>No significant risks or complications are known. The procedure is non-invasive, meaning the skin barrier remains intact. Furthermore, duplex sonography does not require contrast agents, which eliminates typical side effects such as allergic reactions, infections, and bleeding at the puncture site. The only sensations are the coolness of the contact gel and the slight pressure from the transducer.<br \/>Due to its high safety, duplex sonography is also suitable for children, pregnant women and patients at risk, for whom other forms of vascular diagnostics are not an option.<\/p>\n<\/div><\/div><\/div><\/div><\/div><div class=\"g-cols wpb_row via_grid cols_1 laptops-cols_inherit tablets-cols_inherit mobiles-cols_1 valign_top type_default stacking_default\" style=\"--columns-gap:3rem;\"><div class=\"wpb_column vc_column_container us_custom_47474b22 us_animate_this\"><div class=\"vc_column-inner\"><\/div><\/div><\/div><div class=\"w-separator size_custom with_line width_default thick_2 style_solid color_border align_center\" style=\"height:7rem\"><div class=\"w-separator-h\"><\/div><\/div><div class=\"wpb_text_column\"><div class=\"wpb_wrapper\"><h2 class=\"heading-2\">Quick certainty: Duplex sonography results<\/h2>\n<p>As the examination does not put a strain on the body, no aftercare is necessary. You may drive, go to work, or do sports immediately. As a rule, the doctor can tell you whether the blood flow is normal or if there are any constrictions during or immediately after the duplex sonography.<\/p>\n<p>Following the discussion of the findings, we will initiate the necessary treatment immediately if required. If your clinical picture necessitates further investigation or surgical intervention, we will refer you to a specialist angiology practice or a vascular centre.<\/p>\n<\/div><\/div><div class=\"w-separator size_custom with_line width_default thick_2 style_solid color_border align_center\" style=\"height:7rem\"><div class=\"w-separator-h\"><\/div><\/div><div class=\"g-cols wpb_row via_grid cols_2 laptops-cols_inherit tablets-cols_inherit mobiles-cols_1 valign_top type_default stacking_default\" style=\"--columns-gap:3rem;\"><div class=\"wpb_column vc_column_container us_custom_7e20fa79 us_animate_this\"><div class=\"vc_column-inner\"><div class=\"wpb_text_column\"><div class=\"wpb_wrapper\"><h2 class=\"heading-2\">Secure duplex sonography for your vascular health<\/h2>\n<\/div><\/div><\/div><\/div><div class=\"wpb_column vc_column_container us_custom_47474b22 us_animate_this\"><div class=\"vc_column-inner\"><div class=\"wpb_text_column us_custom_0f088a09 has_text_color\"><div class=\"wpb_wrapper\"><p>Duplex sonography offers you maximum safety and clarity of your neck vessels, entirely without pain or risks. Use this gentle method for early detection. Book your personal preventative appointment at our practice on Promenadeplatz now.  <\/p>\n<\/div><\/div><\/div><\/div><\/div><div class=\"w-separator size_custom with_line width_default thick_2 style_solid color_border align_center\" style=\"height:7rem\"><div class=\"w-separator-h\"><\/div><\/div><div class=\"g-cols wpb_row via_grid cols_2 laptops-cols_inherit tablets-cols_inherit mobiles-cols_1 valign_top type_default stacking_default\" style=\"--columns-gap:3rem;\"><div class=\"wpb_column vc_column_container us_custom_7e20fa79 us_animate_this\"><div class=\"vc_column-inner\"><div class=\"wpb_text_column\"><div class=\"wpb_wrapper\"><h2 class=\"heading-2\">Important Questions about Duplex Sonography<\/h2>\n<\/div><\/div><\/div><\/div><div class=\"wpb_column vc_column_container us_custom_47474b22 us_animate_this\"><div class=\"vc_column-inner\"><div class=\"w-tabs style_default switch_click accordion has_scrolling\" style=\"--sections-title-size:inherit\"><div class=\"w-tabs-sections titles-align_none icon_chevron cpos_right\"><div class=\"w-tabs-section\" id=\"s31d\"><button class=\"w-tabs-section-header\" aria-controls=\"content-s31d\" aria-expanded=\"false\"><div class=\"w-tabs-section-title\">How long does a duplex ultrasound take?<\/div><div class=\"w-tabs-section-control\"><\/div><\/button><div  class=\"w-tabs-section-content\" id=\"content-s31d\"><div class=\"w-tabs-section-content-h i-cf\"><div class=\"wpb_text_column\"><div class=\"wpb_wrapper\"><p>Allow approximately 15 to 20 minutes for measuring both sides, including the discussion.  <\/p>\n<\/div><\/div><\/div><\/div><\/div><div class=\"w-tabs-section\" id=\"i424\"><button class=\"w-tabs-section-header\" aria-controls=\"content-i424\" aria-expanded=\"false\"><div class=\"w-tabs-section-title\">How reliable is duplex sonography in detecting stenoses?<\/div><div class=\"w-tabs-section-control\"><\/div><\/button><div  class=\"w-tabs-section-content\" id=\"content-i424\"><div class=\"w-tabs-section-content-h i-cf\"><div class=\"wpb_text_column\"><div class=\"wpb_wrapper\"><p>Duplex sonography is considered very reliable. It detects carotid stenoses with high accuracy and is the standard method in non-invasive vascular diagnostics.  <\/p>\n<\/div><\/div><\/div><\/div><\/div><\/div><\/div><\/div><\/div><\/div><\/div><\/div><\/div><\/div><\/section>","protected":false},"excerpt":{"rendered":"Duplexsonographie: Kardiologische Gef\u00e4\u00dfdiagnostik ohne Strahlenbelastung\u00a0 Die Halsschlagadern versorgen das Gehirn mit Blut. Wie gut dieser Fluss funktioniert, l\u00e4sst sich mit der Duplexsonographie beurteilen, die strukturelle und funktionelle Informationen liefert. Abzugrenzen ist die Duplex-Untersuchung vom Carotisdoppler, der ausschlie\u00dflich den Blutfluss misst. Termin buchenEiliger Termin (GKV)Duplexsonographie kompakt erkl\u00e4rt: Das Wichtigste auf einen Blick Die Duplexsonographie ist ein...","protected":false},"author":4,"featured_media":1254,"parent":1858,"menu_order":0,"comment_status":"closed","ping_status":"closed","template":"","meta":{"footnotes":""},"class_list":["post-2132","page","type-page","status-publish","has-post-thumbnail","hentry"],"yoast_head":"<!-- This site is optimized with the Yoast SEO plugin v27.3 - https:\/\/yoast.com\/product\/yoast-seo-wordpress\/ -->\n<title>Duplexsonographie M\u00fcnchen | Gef\u00e4\u00dfultraschall im \u00dcberblick<\/title>\n<meta name=\"description\" content=\"Farbkodierte Duplexsonographie | Indikationen, Ablauf &amp; Durchf\u00fchrung \u2713 Qualifizierte Mediziner \u2713 Schnelle Terminvergabe \u25ba Jetzt anfragen!\" \/>\n<meta name=\"robots\" content=\"index, follow, max-snippet:-1, max-image-preview:large, max-video-preview:-1\" \/>\n<link rel=\"canonical\" href=\"https:\/\/kardiologie-promenadeplatz.de\/en\/cardiological-diagnostics\/duplex-ultrasonography\/\" \/>\n<meta property=\"og:locale\" content=\"en_GB\" \/>\n<meta property=\"og:type\" content=\"article\" \/>\n<meta property=\"og:title\" content=\"Duplexsonographie M\u00fcnchen | Gef\u00e4\u00dfultraschall im \u00dcberblick\" \/>\n<meta property=\"og:description\" content=\"Farbkodierte Duplexsonographie | Indikationen, Ablauf &amp; Durchf\u00fchrung \u2713 Qualifizierte Mediziner \u2713 Schnelle Terminvergabe \u25ba Jetzt anfragen!\" \/>\n<meta property=\"og:url\" content=\"https:\/\/kardiologie-promenadeplatz.de\/en\/cardiological-diagnostics\/duplex-ultrasonography\/\" \/>\n<meta property=\"og:site_name\" content=\"Kardiologie Promenadeplatz\" \/>\n<meta property=\"article:modified_time\" content=\"2026-05-12T07:33:00+00:00\" \/>\n<meta property=\"og:image\" content=\"https:\/\/kardiologie-promenadeplatz.de\/wp-content\/uploads\/2025\/03\/0219_KaP_Spektrum_01.jpg\" \/>\n\t<meta property=\"og:image:width\" content=\"1024\" \/>\n\t<meta property=\"og:image:height\" content=\"1024\" \/>\n\t<meta property=\"og:image:type\" content=\"image\/jpeg\" \/>\n<meta name=\"twitter:card\" content=\"summary_large_image\" \/>\n<meta name=\"twitter:label1\" content=\"Estimated reading time\" \/>\n\t<meta name=\"twitter:data1\" content=\"5 minutes\" \/>\n<script type=\"application\/ld+json\" class=\"yoast-schema-graph\">{\"@context\":\"https:\\\/\\\/schema.org\",\"@graph\":[{\"@type\":\"WebPage\",\"@id\":\"https:\\\/\\\/kardiologie-promenadeplatz.de\\\/kardiologische-diagnostik\\\/duplexsonographie\\\/\",\"url\":\"https:\\\/\\\/kardiologie-promenadeplatz.de\\\/kardiologische-diagnostik\\\/duplexsonographie\\\/\",\"name\":\"Duplexsonographie M\u00fcnchen | Gef\u00e4\u00dfultraschall im \u00dcberblick\",\"isPartOf\":{\"@id\":\"https:\\\/\\\/kardiologie-promenadeplatz.de\\\/#website\"},\"primaryImageOfPage\":{\"@id\":\"https:\\\/\\\/kardiologie-promenadeplatz.de\\\/kardiologische-diagnostik\\\/duplexsonographie\\\/#primaryimage\"},\"image\":{\"@id\":\"https:\\\/\\\/kardiologie-promenadeplatz.de\\\/kardiologische-diagnostik\\\/duplexsonographie\\\/#primaryimage\"},\"thumbnailUrl\":\"https:\\\/\\\/kardiologie-promenadeplatz.de\\\/wp-content\\\/uploads\\\/2025\\\/03\\\/0219_KaP_Spektrum_01.jpg\",\"datePublished\":\"2026-05-12T07:22:56+00:00\",\"dateModified\":\"2026-05-12T07:33:00+00:00\",\"description\":\"Farbkodierte Duplexsonographie | Indikationen, Ablauf & Durchf\u00fchrung \u2713 Qualifizierte Mediziner \u2713 Schnelle Terminvergabe \u25ba Jetzt anfragen!\",\"breadcrumb\":{\"@id\":\"https:\\\/\\\/kardiologie-promenadeplatz.de\\\/kardiologische-diagnostik\\\/duplexsonographie\\\/#breadcrumb\"},\"inLanguage\":\"en-GB\",\"potentialAction\":[{\"@type\":\"ReadAction\",\"target\":[\"https:\\\/\\\/kardiologie-promenadeplatz.de\\\/kardiologische-diagnostik\\\/duplexsonographie\\\/\"]}]},{\"@type\":\"ImageObject\",\"inLanguage\":\"en-GB\",\"@id\":\"https:\\\/\\\/kardiologie-promenadeplatz.de\\\/kardiologische-diagnostik\\\/duplexsonographie\\\/#primaryimage\",\"url\":\"https:\\\/\\\/kardiologie-promenadeplatz.de\\\/wp-content\\\/uploads\\\/2025\\\/03\\\/0219_KaP_Spektrum_01.jpg\",\"contentUrl\":\"https:\\\/\\\/kardiologie-promenadeplatz.de\\\/wp-content\\\/uploads\\\/2025\\\/03\\\/0219_KaP_Spektrum_01.jpg\",\"width\":1024,\"height\":1024,\"caption\":\"Dr. Bernhard Nagel untersucht einen Patienten mittels Ultraschall.\"},{\"@type\":\"BreadcrumbList\",\"@id\":\"https:\\\/\\\/kardiologie-promenadeplatz.de\\\/kardiologische-diagnostik\\\/duplexsonographie\\\/#breadcrumb\",\"itemListElement\":[{\"@type\":\"ListItem\",\"position\":1,\"name\":\"Startseite\",\"item\":\"https:\\\/\\\/kardiologie-promenadeplatz.de\\\/\"},{\"@type\":\"ListItem\",\"position\":2,\"name\":\"Kardiologische Diagnostik\",\"item\":\"https:\\\/\\\/kardiologie-promenadeplatz.de\\\/kardiologische-diagnostik\\\/\"},{\"@type\":\"ListItem\",\"position\":3,\"name\":\"Duplexsonographie\"}]},{\"@type\":\"WebSite\",\"@id\":\"https:\\\/\\\/kardiologie-promenadeplatz.de\\\/#website\",\"url\":\"https:\\\/\\\/kardiologie-promenadeplatz.de\\\/\",\"name\":\"Kardiologie Promenadeplatz\",\"description\":\"\",\"potentialAction\":[{\"@type\":\"SearchAction\",\"target\":{\"@type\":\"EntryPoint\",\"urlTemplate\":\"https:\\\/\\\/kardiologie-promenadeplatz.de\\\/?s={search_term_string}\"},\"query-input\":{\"@type\":\"PropertyValueSpecification\",\"valueRequired\":true,\"valueName\":\"search_term_string\"}}],\"inLanguage\":\"en-GB\"}]}<\/script>\n<!-- \/ Yoast SEO plugin. -->","yoast_head_json":{"title":"Duplex Sonography Munich | Vascular Ultrasound at a Glance","description":"Colour-coded Doppler ultrasound | Indications, procedure &amp; performance \u2713 Qualified medical professionals \u2713 Fast appointment booking \u25ba Enquire now!","robots":{"index":"index","follow":"follow","max-snippet":"max-snippet:-1","max-image-preview":"max-image-preview:large","max-video-preview":"max-video-preview:-1"},"canonical":"https:\/\/kardiologie-promenadeplatz.de\/en\/cardiological-diagnostics\/duplex-ultrasonography\/","og_locale":"en_GB","og_type":"article","og_title":"Duplexsonographie M\u00fcnchen | Gef\u00e4\u00dfultraschall im \u00dcberblick","og_description":"Farbkodierte Duplexsonographie | Indikationen, Ablauf & Durchf\u00fchrung \u2713 Qualifizierte Mediziner \u2713 Schnelle Terminvergabe \u25ba Jetzt anfragen!","og_url":"https:\/\/kardiologie-promenadeplatz.de\/en\/cardiological-diagnostics\/duplex-ultrasonography\/","og_site_name":"Kardiologie Promenadeplatz","article_modified_time":"2026-05-12T07:33:00+00:00","og_image":[{"width":1024,"height":1024,"url":"https:\/\/kardiologie-promenadeplatz.de\/wp-content\/uploads\/2025\/03\/0219_KaP_Spektrum_01.jpg","type":"image\/jpeg"}],"twitter_card":"summary_large_image","twitter_misc":{"Estimated reading time":"5 minutes"},"schema":{"@context":"https:\/\/schema.org","@graph":[{"@type":"WebPage","@id":"https:\/\/kardiologie-promenadeplatz.de\/kardiologische-diagnostik\/duplexsonographie\/","url":"https:\/\/kardiologie-promenadeplatz.de\/kardiologische-diagnostik\/duplexsonographie\/","name":"Duplex Sonography Munich | Vascular Ultrasound at a Glance","isPartOf":{"@id":"https:\/\/kardiologie-promenadeplatz.de\/#website"},"primaryImageOfPage":{"@id":"https:\/\/kardiologie-promenadeplatz.de\/kardiologische-diagnostik\/duplexsonographie\/#primaryimage"},"image":{"@id":"https:\/\/kardiologie-promenadeplatz.de\/kardiologische-diagnostik\/duplexsonographie\/#primaryimage"},"thumbnailUrl":"https:\/\/kardiologie-promenadeplatz.de\/wp-content\/uploads\/2025\/03\/0219_KaP_Spektrum_01.jpg","datePublished":"2026-05-12T07:22:56+00:00","dateModified":"2026-05-12T07:33:00+00:00","description":"Colour-coded Doppler ultrasound | Indications, procedure &amp; performance \u2713 Qualified medical professionals \u2713 Fast appointment booking \u25ba Enquire now!","breadcrumb":{"@id":"https:\/\/kardiologie-promenadeplatz.de\/kardiologische-diagnostik\/duplexsonographie\/#breadcrumb"},"inLanguage":"en-GB","potentialAction":[{"@type":"ReadAction","target":["https:\/\/kardiologie-promenadeplatz.de\/kardiologische-diagnostik\/duplexsonographie\/"]}]},{"@type":"ImageObject","inLanguage":"en-GB","@id":"https:\/\/kardiologie-promenadeplatz.de\/kardiologische-diagnostik\/duplexsonographie\/#primaryimage","url":"https:\/\/kardiologie-promenadeplatz.de\/wp-content\/uploads\/2025\/03\/0219_KaP_Spektrum_01.jpg","contentUrl":"https:\/\/kardiologie-promenadeplatz.de\/wp-content\/uploads\/2025\/03\/0219_KaP_Spektrum_01.jpg","width":1024,"height":1024,"caption":"Dr. Bernhard Nagel untersucht einen Patienten mittels Ultraschall."},{"@type":"BreadcrumbList","@id":"https:\/\/kardiologie-promenadeplatz.de\/kardiologische-diagnostik\/duplexsonographie\/#breadcrumb","itemListElement":[{"@type":"ListItem","position":1,"name":"Startseite","item":"https:\/\/kardiologie-promenadeplatz.de\/"},{"@type":"ListItem","position":2,"name":"Kardiologische Diagnostik","item":"https:\/\/kardiologie-promenadeplatz.de\/kardiologische-diagnostik\/"},{"@type":"ListItem","position":3,"name":"Duplexsonographie"}]},{"@type":"WebSite","@id":"https:\/\/kardiologie-promenadeplatz.de\/#website","url":"https:\/\/kardiologie-promenadeplatz.de\/","name":"Cardiology Promenadeplatz","description":"","potentialAction":[{"@type":"SearchAction","target":{"@type":"EntryPoint","urlTemplate":"https:\/\/kardiologie-promenadeplatz.de\/?s={search_term_string}"},"query-input":{"@type":"PropertyValueSpecification","valueRequired":true,"valueName":"search_term_string"}}],"inLanguage":"en-GB"}]}},"_links":{"self":[{"href":"https:\/\/kardiologie-promenadeplatz.de\/en\/wp-json\/wp\/v2\/pages\/2132","targetHints":{"allow":["GET"]}}],"collection":[{"href":"https:\/\/kardiologie-promenadeplatz.de\/en\/wp-json\/wp\/v2\/pages"}],"about":[{"href":"https:\/\/kardiologie-promenadeplatz.de\/en\/wp-json\/wp\/v2\/types\/page"}],"author":[{"embeddable":true,"href":"https:\/\/kardiologie-promenadeplatz.de\/en\/wp-json\/wp\/v2\/users\/4"}],"replies":[{"embeddable":true,"href":"https:\/\/kardiologie-promenadeplatz.de\/en\/wp-json\/wp\/v2\/comments?post=2132"}],"version-history":[{"count":10,"href":"https:\/\/kardiologie-promenadeplatz.de\/en\/wp-json\/wp\/v2\/pages\/2132\/revisions"}],"predecessor-version":[{"id":2202,"href":"https:\/\/kardiologie-promenadeplatz.de\/en\/wp-json\/wp\/v2\/pages\/2132\/revisions\/2202"}],"up":[{"embeddable":true,"href":"https:\/\/kardiologie-promenadeplatz.de\/en\/wp-json\/wp\/v2\/pages\/1858"}],"wp:featuredmedia":[{"embeddable":true,"href":"https:\/\/kardiologie-promenadeplatz.de\/en\/wp-json\/wp\/v2\/media\/1254"}],"wp:attachment":[{"href":"https:\/\/kardiologie-promenadeplatz.de\/en\/wp-json\/wp\/v2\/media?parent=2132"}],"curies":[{"name":"wp","href":"https:\/\/api.w.org\/{rel}","templated":true}]}}