{"id":1858,"date":"2026-03-03T14:15:32","date_gmt":"2026-03-03T13:15:32","guid":{"rendered":"https:\/\/kardiologie-promenadeplatz.de\/?page_id=1858"},"modified":"2026-04-02T00:18:29","modified_gmt":"2026-04-01T22:18:29","slug":"cardiological-diagnostics","status":"publish","type":"page","link":"https:\/\/kardiologie-promenadeplatz.de\/en\/kardiologische-diagnostik\/","title":{"rendered":"Cardiological diagnostics"},"content":{"rendered":"<section class=\"l-section wpb_row us_custom_9d064b11 height_auto\"><div class=\"l-section-h i-cf\"><div class=\"g-cols vc_row via_grid cols_2 laptops-cols_inherit tablets-cols_inherit mobiles-cols_1 valign_top type_default stacking_default\"><div class=\"wpb_column vc_column_container us_custom_60e9caca us_animate_this\"><div class=\"vc_column-inner\"><div class=\"wpb_text_column\"><div class=\"wpb_wrapper\"><h1 class=\"heading-2\">Cardiological diagnostics: overview of examination methods<\/h1>\n<p>Many heart diseases are initially unremarkable. When the first symptoms appear, the heart function is often already impaired. This makes it all the more important to have the signs of the disease clarified as quickly as possible. Early cardiological diagnosis makes a decisive contribution to recognising potential risks and counteracting them in a targeted manner.<\/p>\n<p>Our cardiology diagnostics in Munich include various methods of cardiac examination. Among the most fundamental procedures are 24-hour blood pressure monitoring and the Munich ECG, with which we measure your heart's electrical activity. Using Munich echocardiography, we can visualise your heart valves and chambers in motion. Carotid Doppler makes blood flow in the vessels visible and helps us detect narrowed areas. For further investigations, cardiac CT or a <a href=\"https:\/\/kardiologie-promenadeplatz.de\/en\/cardiological-diagnostics\/heart-catheterisation\/\">Heart catheterisation<\/a> additional safety. Furthermore, pacemaker checks and INR checks are part of our services in the field of cardiology diagnostics.<\/p>\n<\/div><\/div><\/div><\/div><div class=\"wpb_column vc_column_container us_custom_de366d1c us_animate_this type_sticky\"><div class=\"vc_column-inner\"><div class=\"w-image us_custom_213e151c align_none\"><div class=\"w-image-h\"><img decoding=\"async\" width=\"1024\" height=\"1024\" src=\"https:\/\/kardiologie-promenadeplatz.de\/wp-content\/uploads\/2025\/03\/0219_KaP_Spektrum_01.jpg\" class=\"attachment-large size-large\" alt=\"Dr Bernhard Nagel examines a patient using ultrasound.\" loading=\"lazy\" srcset=\"https:\/\/kardiologie-promenadeplatz.de\/wp-content\/uploads\/2025\/03\/0219_KaP_Spektrum_01.jpg 1024w, https:\/\/kardiologie-promenadeplatz.de\/wp-content\/uploads\/2025\/03\/0219_KaP_Spektrum_01-300x300.jpg 300w, https:\/\/kardiologie-promenadeplatz.de\/wp-content\/uploads\/2025\/03\/0219_KaP_Spektrum_01-150x150.jpg 150w, https:\/\/kardiologie-promenadeplatz.de\/wp-content\/uploads\/2025\/03\/0219_KaP_Spektrum_01-60x60.jpg 60w, https:\/\/kardiologie-promenadeplatz.de\/wp-content\/uploads\/2025\/03\/0219_KaP_Spektrum_01-120x120.jpg 120w, https:\/\/kardiologie-promenadeplatz.de\/wp-content\/uploads\/2025\/03\/0219_KaP_Spektrum_01-200x200.jpg 200w, https:\/\/kardiologie-promenadeplatz.de\/wp-content\/uploads\/2025\/03\/0219_KaP_Spektrum_01-350x350.jpg 350w\" sizes=\"auto, (max-width: 1024px) 100vw, 1024px\" \/><\/div><\/div><div class=\"w-separator size_small\"><\/div><div class=\"w-hwrapper valign_top wrap align_left\"><div class=\"w-btn-wrapper align_none\"><a class=\"w-btn us-btn-style_1 icon_atleft\" target=\"_blank\" href=\"https:\/\/www.doctolib.de\/praxis\/muenchen\/kardiologie-am-promenadeplatz\"><i class=\"far fa-calendar-check\"><\/i><span class=\"w-btn-label\">Book an appointment<\/span><\/a><\/div><div class=\"w-btn-wrapper align_left\"><a class=\"w-btn us-btn-style_1 icon_atleft\" href=\"https:\/\/kardiologie-promenadeplatz.de\/en\/contact\/#eiliger-termin-gkv\"><i class=\"far fa-calendar-check\"><\/i><span class=\"w-btn-label\">Urgent appointment (GKV)<\/span><\/a><\/div><\/div><\/div><\/div><\/div><\/div><\/section><section class=\"l-section wpb_row us_custom_9d064b11 height_auto with_img parallax_ver\"><div class=\"l-section-img\" role=\"img\" data-img-width=\"\" data-img-height=\"\" style=\"background-image: url(https:\/\/kardiologie-promenadeplatz.de\/wp-content\/uploads\/2025\/02\/0219_KaP_HG-Muster_01.svg);background-repeat: no-repeat;\"><\/div><div class=\"l-section-overlay\" style=\"background:var(--color-content-bg-alt)\"><\/div><div class=\"l-section-h i-cf\"><div class=\"g-cols vc_row via_grid cols_1 laptops-cols_inherit tablets-cols_inherit mobiles-cols_1 valign_top type_default stacking_default\"><div class=\"wpb_column vc_column_container\"><div class=\"vc_column-inner\"><div class=\"g-cols wpb_row via_grid cols_2 laptops-cols_inherit tablets-cols_inherit mobiles-cols_1 valign_top type_default stacking_default\" style=\"--columns-gap:3rem;\"><div class=\"wpb_column vc_column_container us_custom_7e20fa79 us_animate_this\"><div class=\"vc_column-inner\"><div class=\"wpb_text_column\"><div class=\"wpb_wrapper\"><h2 class=\"heading-2\">Cardiological diagnostics as the basis for well-founded medical decisions<\/h2>\n<\/div><\/div><\/div><\/div><div class=\"wpb_column vc_column_container us_custom_47474b22 us_animate_this\"><div class=\"vc_column-inner\"><div class=\"wpb_text_column\"><div class=\"wpb_wrapper\"><p>Heart problems manifest themselves in many different ways. Although most symptoms are not immediately life-threatening, they should nevertheless be examined promptly to rule out serious illnesses and enable early treatment if necessary.<\/p>\n<p class=\"heading-4\">Cardiological diagnosis is particularly important if the following signs are present:<\/p>\n<ul>\n<li>Cardiac arrhythmias such as palpitations or palpitations<\/li>\n<li>unexplained attacks of dizziness or repeated episodes of impending unconsciousness<\/li>\n<li>New onset of breathlessness during physical activity<\/li>\n<li>Recurrent tightness or chest pressure during physical exertion<\/li>\n<li>Chest pain after infections<\/li>\n<li>Swollen ankles in conjunction with shortness of breath at night and rapid weight gain<\/li>\n<\/ul>\n<p>Cardiological diagnostics are also useful for risk factors such as high blood pressure, elevated blood lipid levels, diabetes or a family history (e.g. heart attacks in parents or siblings). A cardiological examination is also recommended for those returning to sport after the age of 35.<\/p>\n<\/div><\/div><\/div><\/div><\/div><div class=\"w-separator size_custom with_line width_default thick_2 style_solid color_border align_center\" style=\"height:7rem\"><div class=\"w-separator-h\"><\/div><\/div><div class=\"g-cols wpb_row via_grid cols_2 laptops-cols_inherit tablets-cols_inherit mobiles-cols_1 valign_top type_default stacking_default\" style=\"--columns-gap:3rem;\"><div class=\"wpb_column vc_column_container us_custom_7e20fa79 us_animate_this\"><div class=\"vc_column-inner\"><div class=\"wpb_text_column\"><div class=\"wpb_wrapper\"><h2 class=\"heading-2\">These diseases can<br \/>Identify cardiological functional diagnostics<\/h2>\n<\/div><\/div><\/div><\/div><div class=\"wpb_column vc_column_container us_custom_47474b22 us_animate_this\"><div class=\"vc_column-inner\"><div class=\"wpb_text_column\"><div class=\"wpb_wrapper\"><p>Cardiological diagnostics in Munich are able to detect a broad spectrum of cardiovascular diseases. It plays a particularly important role in these disease groups:<\/p>\n<p class=\"heading-4\">The basic examinations include:<\/p>\n<ul>\n<li>Diseases of the coronary arteries (e.g. coronary heart disease, angina pectoris)<\/li>\n<li>Vascular diseases and circulatory disorders (e.g. arteriosclerosis, vasoconstriction)<\/li>\n<li>Heart valve diseases (e.g. aortic valve insufficiency, mitral valve insufficiency or stenosis)<\/li>\n<li>Cardiac muscle diseases (e.g. myocarditis, heart failure, cardiomyopathies)<\/li>\n<li>Pericardial and endocardial diseases (e.g. pericarditis, pericardial effusion, endocarditis)<\/li>\n<li>Congenital or acquired structural heart changes (e.g. septal defects, valve anomalies)<\/li>\n<\/ul>\n<p>In the case of cardiac arrhythmias such as atrial fibrillation, extrasystoles, tachycardia or bradycardia, cardiological diagnostics show whether the heart is the cause or whether other triggers are behind it. In addition, cardiological diagnostics help to identify and assess risk factors such as high blood pressure, diabetes-related heart changes and the consequences of long-term stress or family strain.<\/p>\n<\/div><\/div><\/div><\/div><\/div><div class=\"w-separator size_custom with_line width_default thick_2 style_solid color_border align_center\" style=\"height:7rem\"><div class=\"w-separator-h\"><\/div><\/div><div class=\"g-cols wpb_row via_grid cols_1 laptops-cols_inherit tablets-cols_inherit mobiles-cols_1 valign_top type_default stacking_default\" style=\"--columns-gap:3.9rem;\"><div class=\"wpb_column vc_column_container us_custom_47474b22 us_animate_this\"><div class=\"vc_column-inner\"><div class=\"wpb_text_column\"><div class=\"wpb_wrapper\"><h2 class=\"heading-2\">The process of cardiological diagnostics in Munich<\/h2>\n<p>If you take advantage of our practice's offer, you can expect a thorough cardiac examination which, depending on your symptoms, may include various components. It always begins with anamnesis, a detailed discussion about your symptoms and medical history. This is followed by a physical cardiological examination, including listening to your heart and lungs, as well as measuring your pulse and blood pressure. We will then decide together which further diagnostic methods are appropriate.<\/p>\n<p>The next step in the heart examination in Munich is often a resting ECG, which measures the electrical activity of your heart at rest. In the case of arrhythmia, stress ECGs or long-term measurements are also used. Cardiological diagnostics can also include imaging procedures that provide information about the function and structure of your heart valves and heart vessels. In addition to ultrasound examinations of the heart, this also includes modern procedures such as 3D echo, which enables a particularly detailed and spatial visualisation of the heart structures.<\/p>\n<p>During a cardiac catheterisation, cardiological diagnostics can often be combined with immediate treatment. This is the case, for example, when cardiological functional diagnostics in Munich reveal a significant narrowing or blockage of a vessel. Further imaging techniques such as MRI or sonography complement our diagnostic spectrum.<\/p>\n<p>Cardiological diagnostics generally do not require any extensive preparation. We recommend wearing comfortable clothing, as this makes the physical examination and technical measurements easier. In some cases, it may be advisable to avoid caffeinated drinks or nicotine for a short time, as these stimulants can affect the heart rate and blood pressure. If preparatory measures are required for the cardiological diagnostics, we will discuss these with you in advance.<\/p>\n<p>Most results are available immediately after the examination; only long-term measurements require a few days for evaluation. Once the cardiological diagnostics are complete, we will discuss the results with you and provide a clear recommendation for further action. Cardiologial diagnostics are not painful.<\/p>\n<\/div><\/div><\/div><\/div><\/div><div class=\"w-separator size_custom with_line width_default thick_2 style_solid color_border align_center\" style=\"height:7rem\"><div class=\"w-separator-h\"><\/div><\/div><div class=\"g-cols wpb_row via_grid cols_1 laptops-cols_inherit tablets-cols_inherit mobiles-cols_1 valign_top type_default stacking_default\" style=\"--columns-gap:3rem;\"><div class=\"wpb_column vc_column_container us_custom_47474b22 us_animate_this\"><div class=\"vc_column-inner\"><div class=\"wpb_text_column\"><div class=\"wpb_wrapper\"><h2 class=\"heading-2\">Framework conditions for cardiological diagnostics in Munich<\/h2>\n<p>If you are publicly insured, you will need a referral from your GP for diagnostic tests with us. This serves, firstly, as proof that cardiological functional diagnostics are medically necessary and urgent. Secondly, without a referral, there may be problems with the health insurance provider covering the costs. Privately insured patients can often use cardiological diagnostics in Munich without this formality. However, for reimbursement, medical indications for cardiological diagnostics are still required.<\/p>\n<p>Would you like to have your cardiological diagnostics carried out by us and have questions about examination methods, organisational procedures or the required documents? Please get in touch with us and we will clarify everything else in a personal consultation.<\/p>\n<\/div><\/div><\/div><\/div><\/div><\/div><\/div><\/div><\/div><\/section>","protected":false},"excerpt":{"rendered":"Kardiologische Diagnostik: Untersuchungs-methoden im \u00dcberblick Viele Herzerkrankungen verlaufen zun\u00e4chst unauff\u00e4llig. Zeigen sich erste Symptome, liegt h\u00e4ufig schon eine Beeintr\u00e4chtigung der Herzfunktion vor. Umso wichtiger ist es, die Krankheitszeichen m\u00f6glichst schnell abkl\u00e4ren zu lassen. Eine fr\u00fchzeitige kardiologische Diagnostik tr\u00e4gt entscheidend dazu bei, potenzielle Risiken zu erkennen und diesen gezielt entgegenzusteuern. Unsere kardiologische Diagnostik in M\u00fcnchen umfasst...","protected":false},"author":4,"featured_media":1254,"parent":0,"menu_order":0,"comment_status":"closed","ping_status":"closed","template":"","meta":{"footnotes":""},"class_list":["post-1858","page","type-page","status-publish","has-post-thumbnail","hentry"],"yoast_head":"<!-- This site is optimized with the Yoast SEO plugin v27.3 - https:\/\/yoast.com\/product\/yoast-seo-wordpress\/ -->\n<title>Kardiologische Diagnostik M\u00fcnchen | Pr\u00e4zise Herzuntersuchung<\/title>\n<meta name=\"description\" content=\"Herzgesundheit sicher abkl\u00e4ren | Kardiologische Funktionsdiagnostik \u2713 Klare Befundbesprechung \u2713 Schmerzfreie Verfahren \u25ba Hier mehr erfahren!\" \/>\n<meta name=\"robots\" content=\"index, follow, max-snippet:-1, max-image-preview:large, max-video-preview:-1\" \/>\n<link rel=\"canonical\" href=\"https:\/\/kardiologie-promenadeplatz.de\/en\/cardiological-diagnostics\/\" \/>\n<meta property=\"og:locale\" content=\"en_GB\" \/>\n<meta property=\"og:type\" content=\"article\" \/>\n<meta property=\"og:title\" content=\"Kardiologische Diagnostik M\u00fcnchen | Pr\u00e4zise Herzuntersuchung\" \/>\n<meta property=\"og:description\" content=\"Herzgesundheit sicher abkl\u00e4ren | Kardiologische Funktionsdiagnostik \u2713 Klare Befundbesprechung \u2713 Schmerzfreie Verfahren \u25ba Hier mehr erfahren!\" \/>\n<meta property=\"og:url\" content=\"https:\/\/kardiologie-promenadeplatz.de\/en\/cardiological-diagnostics\/\" \/>\n<meta property=\"og:site_name\" content=\"Kardiologie Promenadeplatz\" \/>\n<meta property=\"article:modified_time\" content=\"2026-04-01T22:18:29+00:00\" \/>\n<meta property=\"og:image\" content=\"https:\/\/kardiologie-promenadeplatz.de\/wp-content\/uploads\/2025\/03\/0219_KaP_Spektrum_01.jpg\" \/>\n\t<meta property=\"og:image:width\" content=\"1024\" \/>\n\t<meta property=\"og:image:height\" content=\"1024\" \/>\n\t<meta property=\"og:image:type\" content=\"image\/jpeg\" \/>\n<meta name=\"twitter:card\" content=\"summary_large_image\" \/>\n<meta name=\"twitter:label1\" content=\"Estimated reading time\" \/>\n\t<meta name=\"twitter:data1\" content=\"6 minutes\" \/>\n<script type=\"application\/ld+json\" class=\"yoast-schema-graph\">{\"@context\":\"https:\\\/\\\/schema.org\",\"@graph\":[{\"@type\":\"WebPage\",\"@id\":\"https:\\\/\\\/kardiologie-promenadeplatz.de\\\/kardiologische-diagnostik\\\/\",\"url\":\"https:\\\/\\\/kardiologie-promenadeplatz.de\\\/kardiologische-diagnostik\\\/\",\"name\":\"Kardiologische Diagnostik M\u00fcnchen | Pr\u00e4zise Herzuntersuchung\",\"isPartOf\":{\"@id\":\"https:\\\/\\\/kardiologie-promenadeplatz.de\\\/#website\"},\"primaryImageOfPage\":{\"@id\":\"https:\\\/\\\/kardiologie-promenadeplatz.de\\\/kardiologische-diagnostik\\\/#primaryimage\"},\"image\":{\"@id\":\"https:\\\/\\\/kardiologie-promenadeplatz.de\\\/kardiologische-diagnostik\\\/#primaryimage\"},\"thumbnailUrl\":\"https:\\\/\\\/kardiologie-promenadeplatz.de\\\/wp-content\\\/uploads\\\/2025\\\/03\\\/0219_KaP_Spektrum_01.jpg\",\"datePublished\":\"2026-03-03T13:15:32+00:00\",\"dateModified\":\"2026-04-01T22:18:29+00:00\",\"description\":\"Herzgesundheit sicher abkl\u00e4ren | Kardiologische Funktionsdiagnostik \u2713 Klare Befundbesprechung \u2713 Schmerzfreie Verfahren \u25ba Hier mehr erfahren!\",\"breadcrumb\":{\"@id\":\"https:\\\/\\\/kardiologie-promenadeplatz.de\\\/kardiologische-diagnostik\\\/#breadcrumb\"},\"inLanguage\":\"en-GB\",\"potentialAction\":[{\"@type\":\"ReadAction\",\"target\":[\"https:\\\/\\\/kardiologie-promenadeplatz.de\\\/kardiologische-diagnostik\\\/\"]}]},{\"@type\":\"ImageObject\",\"inLanguage\":\"en-GB\",\"@id\":\"https:\\\/\\\/kardiologie-promenadeplatz.de\\\/kardiologische-diagnostik\\\/#primaryimage\",\"url\":\"https:\\\/\\\/kardiologie-promenadeplatz.de\\\/wp-content\\\/uploads\\\/2025\\\/03\\\/0219_KaP_Spektrum_01.jpg\",\"contentUrl\":\"https:\\\/\\\/kardiologie-promenadeplatz.de\\\/wp-content\\\/uploads\\\/2025\\\/03\\\/0219_KaP_Spektrum_01.jpg\",\"width\":1024,\"height\":1024,\"caption\":\"Dr. Bernhard Nagel untersucht einen Patienten mittels Ultraschall.\"},{\"@type\":\"BreadcrumbList\",\"@id\":\"https:\\\/\\\/kardiologie-promenadeplatz.de\\\/kardiologische-diagnostik\\\/#breadcrumb\",\"itemListElement\":[{\"@type\":\"ListItem\",\"position\":1,\"name\":\"Startseite\",\"item\":\"https:\\\/\\\/kardiologie-promenadeplatz.de\\\/\"},{\"@type\":\"ListItem\",\"position\":2,\"name\":\"Kardiologische Diagnostik\"}]},{\"@type\":\"WebSite\",\"@id\":\"https:\\\/\\\/kardiologie-promenadeplatz.de\\\/#website\",\"url\":\"https:\\\/\\\/kardiologie-promenadeplatz.de\\\/\",\"name\":\"Kardiologie Promenadeplatz\",\"description\":\"\",\"potentialAction\":[{\"@type\":\"SearchAction\",\"target\":{\"@type\":\"EntryPoint\",\"urlTemplate\":\"https:\\\/\\\/kardiologie-promenadeplatz.de\\\/?s={search_term_string}\"},\"query-input\":{\"@type\":\"PropertyValueSpecification\",\"valueRequired\":true,\"valueName\":\"search_term_string\"}}],\"inLanguage\":\"en-GB\"}]}<\/script>\n<!-- \/ Yoast SEO plugin. -->","yoast_head_json":{"title":"Cardiological diagnostics Munich | Precise heart examination","description":"Clarifying heart health with certainty | Cardiac diagnostics \u2713 Clear results discussion \u2713 Pain-free procedures \u25ba Find out more here!","robots":{"index":"index","follow":"follow","max-snippet":"max-snippet:-1","max-image-preview":"max-image-preview:large","max-video-preview":"max-video-preview:-1"},"canonical":"https:\/\/kardiologie-promenadeplatz.de\/en\/cardiological-diagnostics\/","og_locale":"en_GB","og_type":"article","og_title":"Kardiologische Diagnostik M\u00fcnchen | Pr\u00e4zise Herzuntersuchung","og_description":"Herzgesundheit sicher abkl\u00e4ren | Kardiologische Funktionsdiagnostik \u2713 Klare Befundbesprechung \u2713 Schmerzfreie Verfahren \u25ba Hier mehr erfahren!","og_url":"https:\/\/kardiologie-promenadeplatz.de\/en\/cardiological-diagnostics\/","og_site_name":"Kardiologie Promenadeplatz","article_modified_time":"2026-04-01T22:18:29+00:00","og_image":[{"width":1024,"height":1024,"url":"https:\/\/kardiologie-promenadeplatz.de\/wp-content\/uploads\/2025\/03\/0219_KaP_Spektrum_01.jpg","type":"image\/jpeg"}],"twitter_card":"summary_large_image","twitter_misc":{"Estimated reading time":"6 minutes"},"schema":{"@context":"https:\/\/schema.org","@graph":[{"@type":"WebPage","@id":"https:\/\/kardiologie-promenadeplatz.de\/kardiologische-diagnostik\/","url":"https:\/\/kardiologie-promenadeplatz.de\/kardiologische-diagnostik\/","name":"Cardiological diagnostics Munich | Precise heart examination","isPartOf":{"@id":"https:\/\/kardiologie-promenadeplatz.de\/#website"},"primaryImageOfPage":{"@id":"https:\/\/kardiologie-promenadeplatz.de\/kardiologische-diagnostik\/#primaryimage"},"image":{"@id":"https:\/\/kardiologie-promenadeplatz.de\/kardiologische-diagnostik\/#primaryimage"},"thumbnailUrl":"https:\/\/kardiologie-promenadeplatz.de\/wp-content\/uploads\/2025\/03\/0219_KaP_Spektrum_01.jpg","datePublished":"2026-03-03T13:15:32+00:00","dateModified":"2026-04-01T22:18:29+00:00","description":"Clarifying heart health with certainty | Cardiac diagnostics \u2713 Clear results discussion \u2713 Pain-free procedures \u25ba Find out more here!","breadcrumb":{"@id":"https:\/\/kardiologie-promenadeplatz.de\/kardiologische-diagnostik\/#breadcrumb"},"inLanguage":"en-GB","potentialAction":[{"@type":"ReadAction","target":["https:\/\/kardiologie-promenadeplatz.de\/kardiologische-diagnostik\/"]}]},{"@type":"ImageObject","inLanguage":"en-GB","@id":"https:\/\/kardiologie-promenadeplatz.de\/kardiologische-diagnostik\/#primaryimage","url":"https:\/\/kardiologie-promenadeplatz.de\/wp-content\/uploads\/2025\/03\/0219_KaP_Spektrum_01.jpg","contentUrl":"https:\/\/kardiologie-promenadeplatz.de\/wp-content\/uploads\/2025\/03\/0219_KaP_Spektrum_01.jpg","width":1024,"height":1024,"caption":"Dr. Bernhard Nagel untersucht einen Patienten mittels Ultraschall."},{"@type":"BreadcrumbList","@id":"https:\/\/kardiologie-promenadeplatz.de\/kardiologische-diagnostik\/#breadcrumb","itemListElement":[{"@type":"ListItem","position":1,"name":"Startseite","item":"https:\/\/kardiologie-promenadeplatz.de\/"},{"@type":"ListItem","position":2,"name":"Kardiologische Diagnostik"}]},{"@type":"WebSite","@id":"https:\/\/kardiologie-promenadeplatz.de\/#website","url":"https:\/\/kardiologie-promenadeplatz.de\/","name":"Cardiology Promenadeplatz","description":"","potentialAction":[{"@type":"SearchAction","target":{"@type":"EntryPoint","urlTemplate":"https:\/\/kardiologie-promenadeplatz.de\/?s={search_term_string}"},"query-input":{"@type":"PropertyValueSpecification","valueRequired":true,"valueName":"search_term_string"}}],"inLanguage":"en-GB"}]}},"_links":{"self":[{"href":"https:\/\/kardiologie-promenadeplatz.de\/en\/wp-json\/wp\/v2\/pages\/1858","targetHints":{"allow":["GET"]}}],"collection":[{"href":"https:\/\/kardiologie-promenadeplatz.de\/en\/wp-json\/wp\/v2\/pages"}],"about":[{"href":"https:\/\/kardiologie-promenadeplatz.de\/en\/wp-json\/wp\/v2\/types\/page"}],"author":[{"embeddable":true,"href":"https:\/\/kardiologie-promenadeplatz.de\/en\/wp-json\/wp\/v2\/users\/4"}],"replies":[{"embeddable":true,"href":"https:\/\/kardiologie-promenadeplatz.de\/en\/wp-json\/wp\/v2\/comments?post=1858"}],"version-history":[{"count":12,"href":"https:\/\/kardiologie-promenadeplatz.de\/en\/wp-json\/wp\/v2\/pages\/1858\/revisions"}],"predecessor-version":[{"id":2027,"href":"https:\/\/kardiologie-promenadeplatz.de\/en\/wp-json\/wp\/v2\/pages\/1858\/revisions\/2027"}],"wp:featuredmedia":[{"embeddable":true,"href":"https:\/\/kardiologie-promenadeplatz.de\/en\/wp-json\/wp\/v2\/media\/1254"}],"wp:attachment":[{"href":"https:\/\/kardiologie-promenadeplatz.de\/en\/wp-json\/wp\/v2\/media?parent=1858"}],"curies":[{"name":"wp","href":"https:\/\/api.w.org\/{rel}","templated":true}]}}