{"id":1519,"date":"2025-05-09T13:27:39","date_gmt":"2025-05-09T11:27:39","guid":{"rendered":"https:\/\/staging.kardiologie-promenadeplatz.de\/?page_id=1519"},"modified":"2025-10-23T10:24:32","modified_gmt":"2025-10-23T08:24:32","slug":"advisor","status":"publish","type":"page","link":"https:\/\/kardiologie-promenadeplatz.de\/en\/ratgeber\/","title":{"rendered":"Counsellor"},"content":{"rendered":"<section class=\"l-section wpb_row us_custom_9d064b11 height_auto\"><div class=\"l-section-h i-cf\"><div class=\"g-cols vc_row via_grid cols_2 laptops-cols_inherit tablets-cols_inherit mobiles-cols_1 valign_top type_default stacking_default\"><div class=\"wpb_column vc_column_container us_custom_60e9caca us_animate_this\"><div class=\"vc_column-inner\"><div class=\"wpb_text_column\"><div class=\"wpb_wrapper\"><h1>Ratgeber<\/h1>\n<h3>Aktuelles aus unserer Praxis<\/h3>\n<p>In unserem Blog halten wir Sie regelm\u00e4\u00dfig \u00fcber Neuigkeiten aus unserer Praxis am Promenadeplatz auf dem Laufenden. Sie erfahren beispielsweise, wann wir urlaubsbedingt geschlossen haben, ob wir aktuell neue Mitarbeiterinnen oder Mitarbeiter suchen oder welche organisatorischen \u00c4nderungen es gibt. Auch zu wichtigen Gesundheitsthemen wie Corona, saisonalen Infekten oder Neuerungen in der kardiologischen Diagnostik und Therapie informieren wir Sie an dieser Stelle aktuell und verl\u00e4sslich.<\/p>\n<p>Dar\u00fcber hinaus finden Sie hier ausgew\u00e4hlte Beitr\u00e4ge, die Ihnen bei der Vorbereitung auf eine kardiologische Untersuchung oder Behandlung helfen k\u00f6nnen. Sie sind verst\u00e4ndlich erkl\u00e4rt und medizinisch fundiert. Unser Ziel ist es, Sie nicht nur medizinisch kompetent zu begleiten, sondern Ihnen auch transparente und hilfreiche Einblicke in unsere t\u00e4gliche Arbeit zu geben. Bei Fragen zu einem Beitrag k\u00f6nnen Sie sich jederzeit telefonisch, per E-Mail oder \u00fcber das Kontaktformular an uns wenden \u2013 wir helfen Ihnen gerne weiter.<\/p>\n<\/div><\/div><div class=\"w-separator size_small\"><\/div><div class=\"w-hwrapper valign_top wrap align_left\"><div class=\"w-btn-wrapper align_none\"><a class=\"w-btn us-btn-style_1 icon_atleft\" target=\"_blank\" href=\"https:\/\/www.doctolib.de\/praxis\/muenchen\/kardiologie-am-promenadeplatz\"><i class=\"far fa-calendar-check\"><\/i><span class=\"w-btn-label\">Termin buchen<\/span><\/a><\/div><div class=\"w-btn-wrapper align_left\"><a class=\"w-btn us-btn-style_1 icon_atleft\" href=\"https:\/\/kardiologie-promenadeplatz.de\/kontakt\/#eiliger-termin-gkv\"><i class=\"far fa-calendar-check\"><\/i><span class=\"w-btn-label\">Eiliger Termin (GKV)<\/span><\/a><\/div><\/div><\/div><\/div><div class=\"wpb_column vc_column_container us_custom_de366d1c us_animate_this type_sticky\"><div class=\"vc_column-inner\"><div class=\"w-image us_custom_213e151c align_none\"><div class=\"w-image-h\"><img decoding=\"async\" width=\"1024\" height=\"1024\" src=\"https:\/\/kardiologie-promenadeplatz.de\/wp-content\/uploads\/2025\/05\/0219_KaP_Praxis_02.jpg\" class=\"attachment-large size-large\" alt=\"\u00c4rzteteam der Kardiologie Promenadeplatz tauscht sich aus\" loading=\"lazy\" srcset=\"https:\/\/kardiologie-promenadeplatz.de\/wp-content\/uploads\/2025\/05\/0219_KaP_Praxis_02.jpg 1024w, https:\/\/kardiologie-promenadeplatz.de\/wp-content\/uploads\/2025\/05\/0219_KaP_Praxis_02-300x300.jpg 300w, https:\/\/kardiologie-promenadeplatz.de\/wp-content\/uploads\/2025\/05\/0219_KaP_Praxis_02-150x150.jpg 150w, https:\/\/kardiologie-promenadeplatz.de\/wp-content\/uploads\/2025\/05\/0219_KaP_Praxis_02-60x60.jpg 60w, https:\/\/kardiologie-promenadeplatz.de\/wp-content\/uploads\/2025\/05\/0219_KaP_Praxis_02-120x120.jpg 120w, https:\/\/kardiologie-promenadeplatz.de\/wp-content\/uploads\/2025\/05\/0219_KaP_Praxis_02-200x200.jpg 200w, https:\/\/kardiologie-promenadeplatz.de\/wp-content\/uploads\/2025\/05\/0219_KaP_Praxis_02-350x350.jpg 350w\" sizes=\"auto, (max-width: 1024px) 100vw, 1024px\" \/><\/div><\/div><\/div><\/div><\/div><\/div><\/section><section class=\"l-section wpb_row us_custom_9d064b11 height_auto with_img parallax_ver\"><div class=\"l-section-img\" role=\"img\" data-img-width=\"\" data-img-height=\"\" style=\"background-image: url(https:\/\/kardiologie-promenadeplatz.de\/wp-content\/uploads\/2025\/02\/0219_KaP_HG-Muster_01.svg);background-repeat: no-repeat;\"><\/div><div class=\"l-section-overlay\" style=\"background:var(--color-content-bg-alt)\"><\/div><div class=\"l-section-h i-cf\"><div class=\"g-cols vc_row via_grid cols_1 laptops-cols_inherit tablets-cols_inherit mobiles-cols_1 valign_top type_default stacking_default\"><div class=\"wpb_column vc_column_container\"><div class=\"vc_column-inner\"><div class=\"w-grid type_grid layout_1525 cols_3 overflow_hidden\" id=\"us_grid_1\" style=\"--columns:3;--gap:1.5rem;\" data-filterable=\"true\"><style>@media (max-width:1000px){#us_grid_1{--columns:2!important}}@media (max-width:600px){#us_grid_1{--columns:1!important}}.layout_1525 .w-grid-item-h{background:var(--color-header-middle-bg);color:var(--color-content-text);border-radius:2rem;box-shadow:0 0rem 0rem rgba(0,0,0,0.1),0 0rem 0rem rgba(0,0,0,0.1);transition-duration:0.3s}.no-touch .layout_1525 .w-grid-item-h:hover{box-shadow:0 0.05rem 0.1rem rgba(0,0,0,0.1),0 0.17rem 0.5rem rgba(0,0,0,0.15);z-index:4}.layout_1525 .usg_post_image_1{margin-bottom:-2rem!important}.layout_1525 .usg_vwrapper_1{margin-top:2rem!important;padding:9% 11% 11% 11%!important}.layout_1525 .usg_post_taxonomy_1{font-size:10px!important;font-weight:700!important;text-transform:uppercase!important;position:absolute!important;left:1.2rem!important;top:1.2rem!important;right:1.2rem!important;z-index:2!important}<\/style><div class=\"w-grid-list\">\t<article class=\"w-grid-item size_1x1 post-1530 post type-post status-publish format-standard has-post-thumbnail hentry category-praxis\" data-id=\"1530\">\n\t\t<div class=\"w-grid-item-h\">\n\t\t\t\t\t\t<div class=\"w-post-elm post_image usg_post_image_1 stretched\"><a href=\"https:\/\/kardiologie-promenadeplatz.de\/en\/neue-website-online\/\" aria-label=\"Unsere neue Website ist jetzt online\"><img loading=\"lazy\" decoding=\"async\" width=\"1000\" height=\"550\" src=\"https:\/\/kardiologie-promenadeplatz.de\/wp-content\/uploads\/2025\/05\/0219_KaP_Blog-Website_01.jpg\" class=\"attachment-large size-large wp-post-image\" alt=\"Patientin blickt auf Ihr Handy und sieht die neue Website der Praxis\" srcset=\"https:\/\/kardiologie-promenadeplatz.de\/wp-content\/uploads\/2025\/05\/0219_KaP_Blog-Website_01.jpg 1000w, https:\/\/kardiologie-promenadeplatz.de\/wp-content\/uploads\/2025\/05\/0219_KaP_Blog-Website_01-300x165.jpg 300w, https:\/\/kardiologie-promenadeplatz.de\/wp-content\/uploads\/2025\/05\/0219_KaP_Blog-Website_01-60x33.jpg 60w, https:\/\/kardiologie-promenadeplatz.de\/wp-content\/uploads\/2025\/05\/0219_KaP_Blog-Website_01-120x66.jpg 120w, https:\/\/kardiologie-promenadeplatz.de\/wp-content\/uploads\/2025\/05\/0219_KaP_Blog-Website_01-200x110.jpg 200w, https:\/\/kardiologie-promenadeplatz.de\/wp-content\/uploads\/2025\/05\/0219_KaP_Blog-Website_01-350x193.jpg 350w\" sizes=\"auto, (max-width: 1000px) 100vw, 1000px\" \/><\/a><\/div><div class=\"w-post-elm post_taxonomy usg_post_taxonomy_1 style_badge\"><span class=\"w-btn us-btn-style_8 term-16 term-praxis\"><span class=\"w-btn-label\">Praxis<\/span><\/span><\/div><div class=\"w-vwrapper usg_vwrapper_1 align_none valign_top\"><h6 class=\"w-post-elm post_title usg_post_title_1 entry-title color_link_inherit\"><a href=\"https:\/\/kardiologie-promenadeplatz.de\/en\/neue-website-online\/\">Unsere neue Website ist jetzt online<\/a><\/h6><\/div>\t\t<\/div>\n\t\t\t<\/article>\n<\/div><div class=\"w-grid-preloader\">\t<div class=\"g-preloader type_1\">\n\t\t<div><\/div>\n\t<\/div>\n\t<\/div>\t<div class=\"w-grid-json hidden\" onclick='return {&quot;action&quot;:&quot;us_ajax_grid&quot;,&quot;infinite_scroll&quot;:0,&quot;max_num_pages&quot;:1,&quot;pagination&quot;:&quot;none&quot;,&quot;template_vars&quot;:{&quot;columns&quot;:&quot;3&quot;,&quot;exclude_items&quot;:&quot;none&quot;,&quot;img_size&quot;:&quot;default&quot;,&quot;ignore_items_size&quot;:0,&quot;items_layout&quot;:&quot;1525&quot;,&quot;items_offset&quot;:&quot;1&quot;,&quot;load_animation&quot;:&quot;none&quot;,&quot;overriding_link&quot;:&quot;%7B%22url%22%3A%22%22%7D&quot;,&quot;post_id&quot;:0,&quot;query_args&quot;:{&quot;post_type&quot;:[&quot;post&quot;],&quot;post_status&quot;:[&quot;publish&quot;],&quot;posts_per_page&quot;:&quot;10&quot;},&quot;orderby_query_args&quot;:{&quot;orderby&quot;:{&quot;date&quot;:&quot;DESC&quot;}},&quot;type&quot;:&quot;grid&quot;,&quot;us_grid_post_type&quot;:&quot;post&quot;,&quot;us_grid_ajax_index&quot;:1,&quot;us_grid_filter_query_string&quot;:null,&quot;us_grid_index&quot;:1,&quot;page_args&quot;:[]}}'><\/div>\n\t<\/div><\/div><\/div><\/div><\/div><\/section>\n","protected":false},"excerpt":{"rendered":"We are delighted to be able to present our new website to you with immediate effect in a modern, clear design. Our new website has recently gone online - revised, optimised and perfectly tailored to the needs of our patients. What's new? Compared to the previous version, we have not only made some visual changes. Also technically...","protected":false},"author":2,"featured_media":1477,"parent":0,"menu_order":0,"comment_status":"closed","ping_status":"closed","template":"","meta":{"footnotes":""},"class_list":["post-1519","page","type-page","status-publish","has-post-thumbnail","hentry"],"yoast_head":"<!-- This site is optimized with the Yoast SEO plugin v27.3 - https:\/\/yoast.com\/product\/yoast-seo-wordpress\/ -->\n<title>Kardiologie Ratgeber | Kardiologie am Promenadeplatz<\/title>\n<meta name=\"description\" content=\"Kardiologie Ratgeber \u2713 In unserem Blog halten wir Sie regelm\u00e4\u00dfig \u00fcber Neuigkeiten aus unserer Praxis am Promenadeplatz auf dem Laufenden.\" \/>\n<meta name=\"robots\" content=\"index, follow, max-snippet:-1, max-image-preview:large, max-video-preview:-1\" \/>\n<link rel=\"canonical\" href=\"https:\/\/kardiologie-promenadeplatz.de\/en\/advisor\/\" \/>\n<meta property=\"og:locale\" content=\"en_GB\" \/>\n<meta property=\"og:type\" content=\"article\" \/>\n<meta property=\"og:title\" content=\"Kardiologie Ratgeber | Kardiologie am Promenadeplatz\" \/>\n<meta property=\"og:description\" content=\"Kardiologie Ratgeber \u2713 In unserem Blog halten wir Sie regelm\u00e4\u00dfig \u00fcber Neuigkeiten aus unserer Praxis am Promenadeplatz auf dem Laufenden.\" \/>\n<meta property=\"og:url\" content=\"https:\/\/kardiologie-promenadeplatz.de\/en\/advisor\/\" \/>\n<meta property=\"og:site_name\" content=\"Kardiologie Promenadeplatz\" \/>\n<meta property=\"article:modified_time\" content=\"2025-10-23T08:24:32+00:00\" \/>\n<meta property=\"og:image\" content=\"https:\/\/kardiologie-promenadeplatz.de\/wp-content\/uploads\/2025\/05\/0219_KaP_Praxis_04.jpg\" \/>\n\t<meta property=\"og:image:width\" content=\"1024\" \/>\n\t<meta property=\"og:image:height\" content=\"1024\" \/>\n\t<meta property=\"og:image:type\" content=\"image\/jpeg\" \/>\n<meta name=\"twitter:card\" content=\"summary_large_image\" \/>\n<meta name=\"twitter:label1\" content=\"Estimated reading time\" \/>\n\t<meta name=\"twitter:data1\" content=\"2 minutes\" \/>\n<script type=\"application\/ld+json\" class=\"yoast-schema-graph\">{\"@context\":\"https:\\\/\\\/schema.org\",\"@graph\":[{\"@type\":\"WebPage\",\"@id\":\"https:\\\/\\\/kardiologie-promenadeplatz.de\\\/ratgeber\\\/\",\"url\":\"https:\\\/\\\/kardiologie-promenadeplatz.de\\\/ratgeber\\\/\",\"name\":\"Kardiologie Ratgeber | Kardiologie am Promenadeplatz\",\"isPartOf\":{\"@id\":\"https:\\\/\\\/kardiologie-promenadeplatz.de\\\/#website\"},\"primaryImageOfPage\":{\"@id\":\"https:\\\/\\\/kardiologie-promenadeplatz.de\\\/ratgeber\\\/#primaryimage\"},\"image\":{\"@id\":\"https:\\\/\\\/kardiologie-promenadeplatz.de\\\/ratgeber\\\/#primaryimage\"},\"thumbnailUrl\":\"https:\\\/\\\/kardiologie-promenadeplatz.de\\\/wp-content\\\/uploads\\\/2025\\\/05\\\/0219_KaP_Praxis_04.jpg\",\"datePublished\":\"2025-05-09T11:27:39+00:00\",\"dateModified\":\"2025-10-23T08:24:32+00:00\",\"description\":\"Kardiologie Ratgeber \u2713 In unserem Blog halten wir Sie regelm\u00e4\u00dfig \u00fcber Neuigkeiten aus unserer Praxis am Promenadeplatz auf dem Laufenden.\",\"breadcrumb\":{\"@id\":\"https:\\\/\\\/kardiologie-promenadeplatz.de\\\/ratgeber\\\/#breadcrumb\"},\"inLanguage\":\"en-GB\",\"potentialAction\":[{\"@type\":\"ReadAction\",\"target\":[\"https:\\\/\\\/kardiologie-promenadeplatz.de\\\/ratgeber\\\/\"]}]},{\"@type\":\"ImageObject\",\"inLanguage\":\"en-GB\",\"@id\":\"https:\\\/\\\/kardiologie-promenadeplatz.de\\\/ratgeber\\\/#primaryimage\",\"url\":\"https:\\\/\\\/kardiologie-promenadeplatz.de\\\/wp-content\\\/uploads\\\/2025\\\/05\\\/0219_KaP_Praxis_04.jpg\",\"contentUrl\":\"https:\\\/\\\/kardiologie-promenadeplatz.de\\\/wp-content\\\/uploads\\\/2025\\\/05\\\/0219_KaP_Praxis_04.jpg\",\"width\":1024,\"height\":1024,\"caption\":\"\u00c4rzteteam der Kardiologie Promenadeplatz tauscht sich aus\"},{\"@type\":\"BreadcrumbList\",\"@id\":\"https:\\\/\\\/kardiologie-promenadeplatz.de\\\/ratgeber\\\/#breadcrumb\",\"itemListElement\":[{\"@type\":\"ListItem\",\"position\":1,\"name\":\"Startseite\",\"item\":\"https:\\\/\\\/kardiologie-promenadeplatz.de\\\/\"},{\"@type\":\"ListItem\",\"position\":2,\"name\":\"Ratgeber\"}]},{\"@type\":\"WebSite\",\"@id\":\"https:\\\/\\\/kardiologie-promenadeplatz.de\\\/#website\",\"url\":\"https:\\\/\\\/kardiologie-promenadeplatz.de\\\/\",\"name\":\"Kardiologie Promenadeplatz\",\"description\":\"\",\"potentialAction\":[{\"@type\":\"SearchAction\",\"target\":{\"@type\":\"EntryPoint\",\"urlTemplate\":\"https:\\\/\\\/kardiologie-promenadeplatz.de\\\/?s={search_term_string}\"},\"query-input\":{\"@type\":\"PropertyValueSpecification\",\"valueRequired\":true,\"valueName\":\"search_term_string\"}}],\"inLanguage\":\"en-GB\"}]}<\/script>\n<!-- \/ Yoast SEO plugin. -->","yoast_head_json":{"title":"Cardiology Guide | Cardiology at Promenadeplatz","description":"Cardiology guide \u2713 In our blog, we regularly keep you up to date with news from our practice at Promenadeplatz.","robots":{"index":"index","follow":"follow","max-snippet":"max-snippet:-1","max-image-preview":"max-image-preview:large","max-video-preview":"max-video-preview:-1"},"canonical":"https:\/\/kardiologie-promenadeplatz.de\/en\/advisor\/","og_locale":"en_GB","og_type":"article","og_title":"Kardiologie Ratgeber | Kardiologie am Promenadeplatz","og_description":"Kardiologie Ratgeber \u2713 In unserem Blog halten wir Sie regelm\u00e4\u00dfig \u00fcber Neuigkeiten aus unserer Praxis am Promenadeplatz auf dem Laufenden.","og_url":"https:\/\/kardiologie-promenadeplatz.de\/en\/advisor\/","og_site_name":"Kardiologie Promenadeplatz","article_modified_time":"2025-10-23T08:24:32+00:00","og_image":[{"width":1024,"height":1024,"url":"https:\/\/kardiologie-promenadeplatz.de\/wp-content\/uploads\/2025\/05\/0219_KaP_Praxis_04.jpg","type":"image\/jpeg"}],"twitter_card":"summary_large_image","twitter_misc":{"Estimated reading time":"2 minutes"},"schema":{"@context":"https:\/\/schema.org","@graph":[{"@type":"WebPage","@id":"https:\/\/kardiologie-promenadeplatz.de\/ratgeber\/","url":"https:\/\/kardiologie-promenadeplatz.de\/ratgeber\/","name":"Cardiology Guide | Cardiology at Promenadeplatz","isPartOf":{"@id":"https:\/\/kardiologie-promenadeplatz.de\/#website"},"primaryImageOfPage":{"@id":"https:\/\/kardiologie-promenadeplatz.de\/ratgeber\/#primaryimage"},"image":{"@id":"https:\/\/kardiologie-promenadeplatz.de\/ratgeber\/#primaryimage"},"thumbnailUrl":"https:\/\/kardiologie-promenadeplatz.de\/wp-content\/uploads\/2025\/05\/0219_KaP_Praxis_04.jpg","datePublished":"2025-05-09T11:27:39+00:00","dateModified":"2025-10-23T08:24:32+00:00","description":"Cardiology guide \u2713 In our blog, we regularly keep you up to date with news from our practice at Promenadeplatz.","breadcrumb":{"@id":"https:\/\/kardiologie-promenadeplatz.de\/ratgeber\/#breadcrumb"},"inLanguage":"en-GB","potentialAction":[{"@type":"ReadAction","target":["https:\/\/kardiologie-promenadeplatz.de\/ratgeber\/"]}]},{"@type":"ImageObject","inLanguage":"en-GB","@id":"https:\/\/kardiologie-promenadeplatz.de\/ratgeber\/#primaryimage","url":"https:\/\/kardiologie-promenadeplatz.de\/wp-content\/uploads\/2025\/05\/0219_KaP_Praxis_04.jpg","contentUrl":"https:\/\/kardiologie-promenadeplatz.de\/wp-content\/uploads\/2025\/05\/0219_KaP_Praxis_04.jpg","width":1024,"height":1024,"caption":"\u00c4rzteteam der Kardiologie Promenadeplatz tauscht sich aus"},{"@type":"BreadcrumbList","@id":"https:\/\/kardiologie-promenadeplatz.de\/ratgeber\/#breadcrumb","itemListElement":[{"@type":"ListItem","position":1,"name":"Startseite","item":"https:\/\/kardiologie-promenadeplatz.de\/"},{"@type":"ListItem","position":2,"name":"Ratgeber"}]},{"@type":"WebSite","@id":"https:\/\/kardiologie-promenadeplatz.de\/#website","url":"https:\/\/kardiologie-promenadeplatz.de\/","name":"Cardiology Promenadeplatz","description":"","potentialAction":[{"@type":"SearchAction","target":{"@type":"EntryPoint","urlTemplate":"https:\/\/kardiologie-promenadeplatz.de\/?s={search_term_string}"},"query-input":{"@type":"PropertyValueSpecification","valueRequired":true,"valueName":"search_term_string"}}],"inLanguage":"en-GB"}]}},"_links":{"self":[{"href":"https:\/\/kardiologie-promenadeplatz.de\/en\/wp-json\/wp\/v2\/pages\/1519","targetHints":{"allow":["GET"]}}],"collection":[{"href":"https:\/\/kardiologie-promenadeplatz.de\/en\/wp-json\/wp\/v2\/pages"}],"about":[{"href":"https:\/\/kardiologie-promenadeplatz.de\/en\/wp-json\/wp\/v2\/types\/page"}],"author":[{"embeddable":true,"href":"https:\/\/kardiologie-promenadeplatz.de\/en\/wp-json\/wp\/v2\/users\/2"}],"replies":[{"embeddable":true,"href":"https:\/\/kardiologie-promenadeplatz.de\/en\/wp-json\/wp\/v2\/comments?post=1519"}],"version-history":[{"count":7,"href":"https:\/\/kardiologie-promenadeplatz.de\/en\/wp-json\/wp\/v2\/pages\/1519\/revisions"}],"predecessor-version":[{"id":1771,"href":"https:\/\/kardiologie-promenadeplatz.de\/en\/wp-json\/wp\/v2\/pages\/1519\/revisions\/1771"}],"wp:featuredmedia":[{"embeddable":true,"href":"https:\/\/kardiologie-promenadeplatz.de\/en\/wp-json\/wp\/v2\/media\/1477"}],"wp:attachment":[{"href":"https:\/\/kardiologie-promenadeplatz.de\/en\/wp-json\/wp\/v2\/media?parent=1519"}],"curies":[{"name":"wp","href":"https:\/\/api.w.org\/{rel}","templated":true}]}}