{"id":1370,"date":"2025-05-06T10:57:11","date_gmt":"2025-05-06T08:57:11","guid":{"rendered":"https:\/\/staging.kardiologie-promenadeplatz.de\/?page_id=1370"},"modified":"2025-10-23T10:21:18","modified_gmt":"2025-10-23T08:21:18","slug":"diving-suitability-munich","status":"publish","type":"page","link":"https:\/\/kardiologie-promenadeplatz.de\/en\/tauchtauglichkeit-muenchen\/","title":{"rendered":"Suitability for diving"},"content":{"rendered":"<section class=\"l-section wpb_row us_custom_9d064b11 height_auto\"><div class=\"l-section-h i-cf\"><div class=\"g-cols vc_row via_grid cols_2 laptops-cols_inherit tablets-cols_inherit mobiles-cols_1 valign_top type_default stacking_default\"><div class=\"wpb_column vc_column_container us_custom_60e9caca us_animate_this\"><div class=\"vc_column-inner\"><div class=\"wpb_text_column\"><div class=\"wpb_wrapper\"><h1>Diving suitability in Munich<\/h1>\n<h3>Diving medical examination<\/h3>\n<p>The underwater world is a unique and fascinating environment for us humans. However, due to the pressurised conditions underwater and breathing compressed air, diving has serious effects on many organs, especially the cardiovascular system, lungs and ears.<\/p>\n<p>Nevertheless, diving is a very safe sport if a diver's individual risks are recognised and taken into account at an early stage. To prevent diving accidents, regular medical check-ups are recommended or even mandatory. Many diving centres and clubs therefore require you to present a certificate of fitness to dive before diving.<\/p>\n<p><a href=\"\/en\/cardiologist-in-munich\/#reindl\">Dr Reindl<\/a> as a certified physician of the German Society for Diving and Hyperbaric Medicine (<a href=\"https:\/\/www.gtuem.org\" target=\"_blank\" rel=\"noopener\">GT\u00dcM<\/a>) offers diving fitness examinations in our practice. She has been an active scuba diver herself since 1987 and can give you expert advice on diving medicine.<\/p>\n<p>The structured examination in accordance with the GT\u00dcM guidelines includes a detailed medical history, a thorough physical examination including an examination of the outer ear and eardrums, an ECG (stress ECG from the age of 40) and a lung function test.<\/p>\n<\/div><\/div><div class=\"w-separator size_small\"><\/div><div class=\"w-hwrapper valign_top wrap align_left\"><div class=\"w-btn-wrapper align_none\"><a class=\"w-btn us-btn-style_1 icon_atleft\" target=\"_blank\" href=\"https:\/\/www.doctolib.de\/praxis\/muenchen\/kardiologie-am-promenadeplatz\"><i class=\"far fa-calendar-check\"><\/i><span class=\"w-btn-label\">Book an appointment<\/span><\/a><\/div><div class=\"w-btn-wrapper align_left\"><a class=\"w-btn us-btn-style_1 icon_atleft\" href=\"https:\/\/kardiologie-promenadeplatz.de\/en\/contact\/#eiliger-termin-gkv\"><i class=\"far fa-calendar-check\"><\/i><span class=\"w-btn-label\">Urgent appointment (GKV)<\/span><\/a><\/div><\/div><\/div><\/div><div class=\"wpb_column vc_column_container us_custom_de366d1c us_animate_this type_sticky\"><div class=\"vc_column-inner\"><div class=\"w-image us_custom_213e151c align_none\"><div class=\"w-image-h\"><img decoding=\"async\" width=\"1024\" height=\"1024\" src=\"https:\/\/kardiologie-promenadeplatz.de\/wp-content\/uploads\/2025\/05\/0219_KaP_Spektrum_03.jpg\" class=\"attachment-large size-large\" alt=\"Dr Irmingard Reindl in conversation with a patient\" loading=\"lazy\" srcset=\"https:\/\/kardiologie-promenadeplatz.de\/wp-content\/uploads\/2025\/05\/0219_KaP_Spektrum_03.jpg 1024w, https:\/\/kardiologie-promenadeplatz.de\/wp-content\/uploads\/2025\/05\/0219_KaP_Spektrum_03-300x300.jpg 300w, https:\/\/kardiologie-promenadeplatz.de\/wp-content\/uploads\/2025\/05\/0219_KaP_Spektrum_03-150x150.jpg 150w, https:\/\/kardiologie-promenadeplatz.de\/wp-content\/uploads\/2025\/05\/0219_KaP_Spektrum_03-60x60.jpg 60w, https:\/\/kardiologie-promenadeplatz.de\/wp-content\/uploads\/2025\/05\/0219_KaP_Spektrum_03-120x120.jpg 120w, https:\/\/kardiologie-promenadeplatz.de\/wp-content\/uploads\/2025\/05\/0219_KaP_Spektrum_03-200x200.jpg 200w, https:\/\/kardiologie-promenadeplatz.de\/wp-content\/uploads\/2025\/05\/0219_KaP_Spektrum_03-350x350.jpg 350w\" sizes=\"auto, (max-width: 1024px) 100vw, 1024px\" \/><\/div><\/div><\/div><\/div><\/div><\/div><\/section><section class=\"l-section wpb_row us_custom_9d064b11 height_auto with_img parallax_ver\"><div class=\"l-section-img\" role=\"img\" data-img-width=\"\" data-img-height=\"\" style=\"background-image: url(https:\/\/kardiologie-promenadeplatz.de\/wp-content\/uploads\/2025\/02\/0219_KaP_HG-Muster_01.svg);background-repeat: no-repeat;\"><\/div><div class=\"l-section-overlay\" style=\"background:var(--color-content-bg-alt)\"><\/div><div class=\"l-section-h i-cf\"><div class=\"g-cols vc_row via_grid cols_1 laptops-cols_inherit tablets-cols_inherit mobiles-cols_1 valign_top type_default stacking_default\"><div class=\"wpb_column vc_column_container\"><div class=\"vc_column-inner\"><div class=\"g-cols wpb_row via_grid cols_2 laptops-cols_inherit tablets-cols_inherit mobiles-cols_1 valign_top type_default stacking_default\" style=\"--columns-gap:3rem;\"><div class=\"wpb_column vc_column_container us_custom_7e20fa79 us_animate_this\"><div class=\"vc_column-inner\"><div class=\"wpb_text_column\"><div class=\"wpb_wrapper\"><h4>Examination interval<\/h4>\n<h5>How often should you be examined?<\/h5>\n<\/div><\/div><\/div><\/div><div class=\"wpb_column vc_column_container us_custom_47474b22 us_animate_this\"><div class=\"vc_column-inner\"><div class=\"wpb_text_column\"><div class=\"wpb_wrapper\"><p>The inspection interval depends on age. The GT\u00dcM recommends the examination:<\/p>\n<ul>\n<li>after 3 years at the latest, if you are between 18 and 39 years old<\/li>\n<li>after 1 year at the latest, if you are under 18 years old<\/li>\n<li>after 1 year at the latest, if you are 40 years or older<\/li>\n<li>always after a diving accident or after serious illnesses and operations<\/li>\n<\/ul>\n<p>If you have any relevant previous illnesses, especially of the heart and lungs, middle ear and paranasal sinuses, metabolic diseases or operations, please bring your previous medical reports with you.<\/p>\n<p>The diving medical examination cannot be carried out at the expense of the statutory health insurance companies and is billed according to the GT\u00dcM recommendations in accordance with the scale of fees for doctors (Go\u00c4).<\/p>\n<\/div><\/div><\/div><\/div><\/div><div class=\"w-separator size_custom with_line width_default thick_2 style_solid color_border align_center\" style=\"height:7rem\"><div class=\"w-separator-h\"><\/div><\/div><div class=\"g-cols wpb_row via_grid cols_2 laptops-cols_inherit tablets-cols_inherit mobiles-cols_1 valign_top type_default stacking_default\" style=\"--columns-gap:3rem;\"><div class=\"wpb_column vc_column_container us_custom_7e20fa79 us_animate_this\"><div class=\"vc_column-inner\"><div class=\"wpb_text_column\"><div class=\"wpb_wrapper\"><h4>Dive safely - well prepared<\/h4>\n<h5>Diving fitness test in Munich<\/h5>\n<\/div><\/div><\/div><\/div><div class=\"wpb_column vc_column_container us_custom_47474b22 us_animate_this\"><div class=\"vc_column-inner\"><div class=\"wpb_text_column\"><div class=\"wpb_wrapper\"><p>Whether you are a beginner or an experienced diver - a thorough diving medical examination is the key to a safe diving experience. Thanks to Dr Reindl's many years of experience and structured diagnostics in accordance with GT\u00dcM guidelines, you will receive a well-founded assessment of your fitness to dive from us. So you can enjoy your dives with a good feeling and medical safety.<\/p>\n<p><strong>Please contact us for a customised offer.<\/strong><\/p>\n<\/div><\/div><\/div><\/div><\/div><\/div><\/div><\/div><\/div><\/section>","protected":false},"excerpt":{"rendered":"Diving medical examination The underwater world is a unique and fascinating environment for us humans. However, due to the pressure conditions under water and the breathing of compressed air, diving has serious effects on many organs, especially the cardiovascular system, the lungs and the ear. Nevertheless, diving is a very safe sport,...","protected":false},"author":2,"featured_media":1382,"parent":0,"menu_order":0,"comment_status":"closed","ping_status":"closed","template":"","meta":{"footnotes":""},"class_list":["post-1370","page","type-page","status-publish","has-post-thumbnail","hentry"],"yoast_head":"<!-- This site is optimized with the Yoast SEO plugin v27.3 - https:\/\/yoast.com\/product\/yoast-seo-wordpress\/ -->\n<title>Tauchtauglichkeit M\u00fcnchen | Kardiologie M\u00fcnchen<\/title>\n<meta name=\"description\" content=\"Tauchtauglichkeit M\u00fcnchen \u2713 Die Untersuchung umfasst eine ausf\u00fchrliche Anamnese, eine umfangreiche k\u00f6rperliche Untersuchung.\" \/>\n<meta name=\"robots\" content=\"index, follow, max-snippet:-1, max-image-preview:large, max-video-preview:-1\" \/>\n<link rel=\"canonical\" href=\"https:\/\/kardiologie-promenadeplatz.de\/en\/diving-suitability-munich\/\" \/>\n<meta property=\"og:locale\" content=\"en_GB\" \/>\n<meta property=\"og:type\" content=\"article\" \/>\n<meta property=\"og:title\" content=\"Tauchtauglichkeit M\u00fcnchen | Kardiologie M\u00fcnchen\" \/>\n<meta property=\"og:description\" content=\"Tauchtauglichkeit M\u00fcnchen \u2713 Die Untersuchung umfasst eine ausf\u00fchrliche Anamnese, eine umfangreiche k\u00f6rperliche Untersuchung.\" \/>\n<meta property=\"og:url\" content=\"https:\/\/kardiologie-promenadeplatz.de\/en\/diving-suitability-munich\/\" \/>\n<meta property=\"og:site_name\" content=\"Kardiologie Promenadeplatz\" \/>\n<meta property=\"article:modified_time\" content=\"2025-10-23T08:21:18+00:00\" \/>\n<meta property=\"og:image\" content=\"https:\/\/kardiologie-promenadeplatz.de\/wp-content\/uploads\/2025\/05\/0219_KaP_Spektrum_03.jpg\" \/>\n\t<meta property=\"og:image:width\" content=\"1024\" \/>\n\t<meta property=\"og:image:height\" content=\"1024\" \/>\n\t<meta property=\"og:image:type\" content=\"image\/jpeg\" \/>\n<meta name=\"twitter:card\" content=\"summary_large_image\" \/>\n<meta name=\"twitter:label1\" content=\"Estimated reading time\" \/>\n\t<meta name=\"twitter:data1\" content=\"3 minutes\" \/>\n<script type=\"application\/ld+json\" class=\"yoast-schema-graph\">{\"@context\":\"https:\\\/\\\/schema.org\",\"@graph\":[{\"@type\":\"WebPage\",\"@id\":\"https:\\\/\\\/kardiologie-promenadeplatz.de\\\/tauchtauglichkeit-muenchen\\\/\",\"url\":\"https:\\\/\\\/kardiologie-promenadeplatz.de\\\/tauchtauglichkeit-muenchen\\\/\",\"name\":\"Tauchtauglichkeit M\u00fcnchen | Kardiologie M\u00fcnchen\",\"isPartOf\":{\"@id\":\"https:\\\/\\\/kardiologie-promenadeplatz.de\\\/#website\"},\"primaryImageOfPage\":{\"@id\":\"https:\\\/\\\/kardiologie-promenadeplatz.de\\\/tauchtauglichkeit-muenchen\\\/#primaryimage\"},\"image\":{\"@id\":\"https:\\\/\\\/kardiologie-promenadeplatz.de\\\/tauchtauglichkeit-muenchen\\\/#primaryimage\"},\"thumbnailUrl\":\"https:\\\/\\\/kardiologie-promenadeplatz.de\\\/wp-content\\\/uploads\\\/2025\\\/05\\\/0219_KaP_Spektrum_03.jpg\",\"datePublished\":\"2025-05-06T08:57:11+00:00\",\"dateModified\":\"2025-10-23T08:21:18+00:00\",\"description\":\"Tauchtauglichkeit M\u00fcnchen \u2713 Die Untersuchung umfasst eine ausf\u00fchrliche Anamnese, eine umfangreiche k\u00f6rperliche Untersuchung.\",\"breadcrumb\":{\"@id\":\"https:\\\/\\\/kardiologie-promenadeplatz.de\\\/tauchtauglichkeit-muenchen\\\/#breadcrumb\"},\"inLanguage\":\"en-GB\",\"potentialAction\":[{\"@type\":\"ReadAction\",\"target\":[\"https:\\\/\\\/kardiologie-promenadeplatz.de\\\/tauchtauglichkeit-muenchen\\\/\"]}]},{\"@type\":\"ImageObject\",\"inLanguage\":\"en-GB\",\"@id\":\"https:\\\/\\\/kardiologie-promenadeplatz.de\\\/tauchtauglichkeit-muenchen\\\/#primaryimage\",\"url\":\"https:\\\/\\\/kardiologie-promenadeplatz.de\\\/wp-content\\\/uploads\\\/2025\\\/05\\\/0219_KaP_Spektrum_03.jpg\",\"contentUrl\":\"https:\\\/\\\/kardiologie-promenadeplatz.de\\\/wp-content\\\/uploads\\\/2025\\\/05\\\/0219_KaP_Spektrum_03.jpg\",\"width\":1024,\"height\":1024,\"caption\":\"Frau Dr. Irmingard Reindl im Gespr\u00e4ch mit einem Patienten\"},{\"@type\":\"BreadcrumbList\",\"@id\":\"https:\\\/\\\/kardiologie-promenadeplatz.de\\\/tauchtauglichkeit-muenchen\\\/#breadcrumb\",\"itemListElement\":[{\"@type\":\"ListItem\",\"position\":1,\"name\":\"Startseite\",\"item\":\"https:\\\/\\\/kardiologie-promenadeplatz.de\\\/\"},{\"@type\":\"ListItem\",\"position\":2,\"name\":\"Tauchtauglichkeit\"}]},{\"@type\":\"WebSite\",\"@id\":\"https:\\\/\\\/kardiologie-promenadeplatz.de\\\/#website\",\"url\":\"https:\\\/\\\/kardiologie-promenadeplatz.de\\\/\",\"name\":\"Kardiologie Promenadeplatz\",\"description\":\"\",\"potentialAction\":[{\"@type\":\"SearchAction\",\"target\":{\"@type\":\"EntryPoint\",\"urlTemplate\":\"https:\\\/\\\/kardiologie-promenadeplatz.de\\\/?s={search_term_string}\"},\"query-input\":{\"@type\":\"PropertyValueSpecification\",\"valueRequired\":true,\"valueName\":\"search_term_string\"}}],\"inLanguage\":\"en-GB\"}]}<\/script>\n<!-- \/ Yoast SEO plugin. -->","yoast_head_json":{"title":"Diving Fitness Munich | Cardiology Munich","description":"Diving fitness Munich \u2713 The examination includes a detailed medical history and a comprehensive physical examination.","robots":{"index":"index","follow":"follow","max-snippet":"max-snippet:-1","max-image-preview":"max-image-preview:large","max-video-preview":"max-video-preview:-1"},"canonical":"https:\/\/kardiologie-promenadeplatz.de\/en\/diving-suitability-munich\/","og_locale":"en_GB","og_type":"article","og_title":"Tauchtauglichkeit M\u00fcnchen | Kardiologie M\u00fcnchen","og_description":"Tauchtauglichkeit M\u00fcnchen \u2713 Die Untersuchung umfasst eine ausf\u00fchrliche Anamnese, eine umfangreiche k\u00f6rperliche Untersuchung.","og_url":"https:\/\/kardiologie-promenadeplatz.de\/en\/diving-suitability-munich\/","og_site_name":"Kardiologie Promenadeplatz","article_modified_time":"2025-10-23T08:21:18+00:00","og_image":[{"width":1024,"height":1024,"url":"https:\/\/kardiologie-promenadeplatz.de\/wp-content\/uploads\/2025\/05\/0219_KaP_Spektrum_03.jpg","type":"image\/jpeg"}],"twitter_card":"summary_large_image","twitter_misc":{"Estimated reading time":"3 minutes"},"schema":{"@context":"https:\/\/schema.org","@graph":[{"@type":"WebPage","@id":"https:\/\/kardiologie-promenadeplatz.de\/tauchtauglichkeit-muenchen\/","url":"https:\/\/kardiologie-promenadeplatz.de\/tauchtauglichkeit-muenchen\/","name":"Diving Fitness Munich | Cardiology Munich","isPartOf":{"@id":"https:\/\/kardiologie-promenadeplatz.de\/#website"},"primaryImageOfPage":{"@id":"https:\/\/kardiologie-promenadeplatz.de\/tauchtauglichkeit-muenchen\/#primaryimage"},"image":{"@id":"https:\/\/kardiologie-promenadeplatz.de\/tauchtauglichkeit-muenchen\/#primaryimage"},"thumbnailUrl":"https:\/\/kardiologie-promenadeplatz.de\/wp-content\/uploads\/2025\/05\/0219_KaP_Spektrum_03.jpg","datePublished":"2025-05-06T08:57:11+00:00","dateModified":"2025-10-23T08:21:18+00:00","description":"Diving fitness Munich \u2713 The examination includes a detailed medical history and a comprehensive physical examination.","breadcrumb":{"@id":"https:\/\/kardiologie-promenadeplatz.de\/tauchtauglichkeit-muenchen\/#breadcrumb"},"inLanguage":"en-GB","potentialAction":[{"@type":"ReadAction","target":["https:\/\/kardiologie-promenadeplatz.de\/tauchtauglichkeit-muenchen\/"]}]},{"@type":"ImageObject","inLanguage":"en-GB","@id":"https:\/\/kardiologie-promenadeplatz.de\/tauchtauglichkeit-muenchen\/#primaryimage","url":"https:\/\/kardiologie-promenadeplatz.de\/wp-content\/uploads\/2025\/05\/0219_KaP_Spektrum_03.jpg","contentUrl":"https:\/\/kardiologie-promenadeplatz.de\/wp-content\/uploads\/2025\/05\/0219_KaP_Spektrum_03.jpg","width":1024,"height":1024,"caption":"Frau Dr. Irmingard Reindl im Gespr\u00e4ch mit einem Patienten"},{"@type":"BreadcrumbList","@id":"https:\/\/kardiologie-promenadeplatz.de\/tauchtauglichkeit-muenchen\/#breadcrumb","itemListElement":[{"@type":"ListItem","position":1,"name":"Startseite","item":"https:\/\/kardiologie-promenadeplatz.de\/"},{"@type":"ListItem","position":2,"name":"Tauchtauglichkeit"}]},{"@type":"WebSite","@id":"https:\/\/kardiologie-promenadeplatz.de\/#website","url":"https:\/\/kardiologie-promenadeplatz.de\/","name":"Cardiology Promenadeplatz","description":"","potentialAction":[{"@type":"SearchAction","target":{"@type":"EntryPoint","urlTemplate":"https:\/\/kardiologie-promenadeplatz.de\/?s={search_term_string}"},"query-input":{"@type":"PropertyValueSpecification","valueRequired":true,"valueName":"search_term_string"}}],"inLanguage":"en-GB"}]}},"_links":{"self":[{"href":"https:\/\/kardiologie-promenadeplatz.de\/en\/wp-json\/wp\/v2\/pages\/1370","targetHints":{"allow":["GET"]}}],"collection":[{"href":"https:\/\/kardiologie-promenadeplatz.de\/en\/wp-json\/wp\/v2\/pages"}],"about":[{"href":"https:\/\/kardiologie-promenadeplatz.de\/en\/wp-json\/wp\/v2\/types\/page"}],"author":[{"embeddable":true,"href":"https:\/\/kardiologie-promenadeplatz.de\/en\/wp-json\/wp\/v2\/users\/2"}],"replies":[{"embeddable":true,"href":"https:\/\/kardiologie-promenadeplatz.de\/en\/wp-json\/wp\/v2\/comments?post=1370"}],"version-history":[{"count":13,"href":"https:\/\/kardiologie-promenadeplatz.de\/en\/wp-json\/wp\/v2\/pages\/1370\/revisions"}],"predecessor-version":[{"id":1774,"href":"https:\/\/kardiologie-promenadeplatz.de\/en\/wp-json\/wp\/v2\/pages\/1370\/revisions\/1774"}],"wp:featuredmedia":[{"embeddable":true,"href":"https:\/\/kardiologie-promenadeplatz.de\/en\/wp-json\/wp\/v2\/media\/1382"}],"wp:attachment":[{"href":"https:\/\/kardiologie-promenadeplatz.de\/en\/wp-json\/wp\/v2\/media?parent=1370"}],"curies":[{"name":"wp","href":"https:\/\/api.w.org\/{rel}","templated":true}]}}